{"id":2663,"date":"2019-06-19T18:57:50","date_gmt":"2019-06-19T16:57:50","guid":{"rendered":"http:\/\/generes.unizar.es\/?page_id=2663"},"modified":"2019-07-24T11:23:24","modified_gmt":"2019-07-24T09:23:24","slug":"privacy","status":"publish","type":"page","link":"https:\/\/generes.unizar.es\/es\/privacy\/","title":{"rendered":"Pol\u00edtica de Privacidad"},"content":{"rendered":"<div class=\"pdfprnt-buttons pdfprnt-buttons-page pdfprnt-top-right\"><a href=\"https:\/\/generes.unizar.es\/es\/wp-json\/wp\/v2\/pages\/2663?print=pdf\" class=\"pdfprnt-button pdfprnt-button-pdf\" target=\"_blank\" ><img decoding=\"async\" src=\"https:\/\/generes.unizar.es\/wp-content\/plugins\/pdf-print\/images\/pdf.png\" alt=\"image_pdf\" title=\"Descargar PDF\" \/><\/a><a href=\"https:\/\/generes.unizar.es\/es\/wp-json\/wp\/v2\/pages\/2663?print=print\" class=\"pdfprnt-button pdfprnt-button-print\" target=\"_blank\" ><img decoding=\"async\" src=\"https:\/\/generes.unizar.es\/wp-content\/plugins\/pdf-print\/images\/print.png\" alt=\"image_print\" title=\"Imprimir contenido\" \/><\/a><\/div><div class=\"fusion-fullwidth fullwidth-box fusion-builder-row-1 nonhundred-percent-fullwidth non-hundred-percent-height-scrolling\" style=\"--awb-border-radius-top-left:0px;--awb-border-radius-top-right:0px;--awb-border-radius-bottom-right:0px;--awb-border-radius-bottom-left:0px;--awb-flex-wrap:wrap;\" ><div class=\"fusion-builder-row fusion-row\"><div class=\"fusion-layout-column fusion_builder_column fusion-builder-column-0 fusion_builder_column_1_1 1_1 fusion-one-full fusion-column-first fusion-column-last\" style=\"--awb-bg-size:cover;\"><div class=\"fusion-column-wrapper fusion-flex-column-wrapper-legacy\"><div class=\"fusion-sep-clear\"><\/div><div class=\"fusion-separator fusion-full-width-sep\" style=\"margin-left: auto;margin-right: auto;margin-top:35px;margin-bottom:35px;width:100%;\"><\/div><div class=\"fusion-sep-clear\"><\/div><div class=\"fusion-text fusion-text-1\"><p>La Universidad de Zaragoza informa a los usuarios del sitio web sobre su pol\u00edtica respecto del tratamiento y protecci\u00f3n de los datos de car\u00e1cter personal de los usuarios, que puedan ser recabados por la navegaci\u00f3n a trav\u00e9s de este sitio web. En este sentido, la Universidad de Zaragoza garantiza el cumplimiento de la normativa vigente en materia de protecci\u00f3n de datos personales, reflejada en el Reglamento General de Protecci\u00f3n de Datos (RGPD) (UE) 2016\/679 y en la Ley Org\u00e1nica 3\/2018, de 5 de diciembre, de Protecci\u00f3n de Datos Personales y garant\u00eda de los derechos digitales.<\/p>\n<p><strong>\u00bfQui\u00e9n es el responsable del tratamiento de datos personales?<\/strong><\/p>\n<p>Responsable del tratamiento: UNIVERSIDAD DE ZARAGOZA<br \/>\nC.I.F.: Q-5018001-G<br \/>\nDirecci\u00f3n: Calle Pedro Cerbuna 12 \u2013 50009, Zaragoza<br \/>\nTel\u00e9fono: 976 761 000<br \/>\nCorreo electr\u00f3nico: generes@unizar.es <\/p>\n<p><strong>\u00bfC\u00f3mo puede contactar con la Delegada de Protecci\u00f3n de Datos de la Universidad de Zaragoza?<\/strong><\/p>\n<p>La figura del Delegado de Protecci\u00f3n de Datos se encarga del asesoramiento y supervisi\u00f3n del cumplimiento de la normativa de en materia de Protecci\u00f3n de Datos por parte de la Universidad de Zaragoza, as\u00ed como de la cooperaci\u00f3n con la autoridad de control, en el caso de que hubiera cualquier reclamaci\u00f3n.<\/p>\n<p>Para contactar con nuestra Delegada de Protecci\u00f3n de Datos puede:<\/p>\n<ul>\n<li>enviar un email a la direcci\u00f3n de correo electr\u00f3nico dpd@unizar.es <\/li>\n<li>o llamar al tel\u00e9fono 876 553 013.<\/li>\n<\/ul>\n<p><strong>\u00bfCon que finalidad se tratan sus datos personales?<\/strong><\/p>\n<p>La Universidad de Zaragoza trata la informaci\u00f3n que usted facilita en este sitio web con el fin de informarle acerca del Grupo de Investigaci\u00f3n Gener\u00e9s, encargado de analizar y comprender la interacci\u00f3n entre las empresas y el entorno en el que estas operan; as\u00ed como para responder a las cuestiones y comentarios que usted formule por medio de nuestro formulario de contacto. <\/p>\n<p>Los datos personales proporcionados se conservar\u00e1n \u00fanicamente durante el tiempo necesario para la efectiva contestaci\u00f3n de la solicitud de informaci\u00f3n o consulta enviada por usted, o por el tiempo necesario para cumplir con cualquier sugerencia realizada.<\/p>\n<p><strong>\u00bfC\u00f3mo se han obtenido sus datos personales?<\/strong><\/p>\n<p>Los datos personales que se tratan por parte de la Universidad de Zaragoza, como consecuencia de la utilizaci\u00f3n de este sitio web, proceden del propio usuario, pues son facilitados por el mismo en el momento en el que formula cualquier comentario en nuestro formulario de contacto. <\/p>\n<p>Las categor\u00edas de datos que obligatoriamente se solicitan para ponerse en contacto con el responsable son: datos de car\u00e1cter identificativo: nombre, email y tel\u00e9fono.<\/p>\n<p>No obstante, al contar con un formulario de contacto que habilita el env\u00edo de cualquier tipo de opini\u00f3n, solicitud de informaci\u00f3n o consulta, el interesado puede incluir en su mensaje otras categor\u00edas de datos personales.<\/p>\n<p><strong>\u00bfCu\u00e1l es la legitimaci\u00f3n para utilizar sus datos?<\/strong><\/p>\n<p>La base legal para el tratamiento de datos es el consentimiento expresamente prestado por el interesado en el momento en el que acepta la pol\u00edtica de privacidad, de manera previa al env\u00edo de sus datos personales en el formulario de contacto.<\/p>\n<p><strong>\u00bfA qu\u00e9 destinatarios se comunicar\u00e1n los datos?<\/strong><\/p>\n<p>No se prev\u00e9n cesiones de datos a otros entes, y por tanto, tampoco se prev\u00e9 la realizaci\u00f3n de transferencias internaciones de datos. <\/p>\n<p><strong>\u00bfCu\u00e1les son sus derechos cuando facilita su consentimiento y c\u00f3mo puede ejercerlos?<\/strong><\/p>\n<p>Cualquier persona tiene derecho a obtener confirmaci\u00f3n sobre si en la Universidad de Zaragoza, se est\u00e1n tratando sus datos personales.<\/p>\n<p>Las personas interesadas tienen derecho a:<\/p>\n<ul>\n<li>Solicitar el acceso a los datos personales relativos al interesado<\/li>\n<li>Solicitar su rectificaci\u00f3n o supresi\u00f3n<\/li>\n<li>Solicitar la limitaci\u00f3n de su tratamiento<\/li>\n<li>Oponerse al tratamiento<\/li>\n<li>Solicitar la portabilidad de los datos<\/li>\n<\/ul>\n<p>Los interesados podr\u00e1n acceder a sus datos personales, as\u00ed como a solicitar la rectificaci\u00f3n de los datos inexactos o, en su caso, solicitar su supresi\u00f3n cuando, entre otros motivos, los datos ya no sean necesarios para los fines que fueron recogidos.<\/p>\n<p>En determinadas circunstancias, los interesados podr\u00e1n solicitar la limitaci\u00f3n del tratamiento de sus datos, en cuyo caso \u00fanicamente se conservar\u00e1n para el ejercicio o la defensa de reclamaciones. <\/p>\n<p>De igual manera, podr\u00e1n solicitar la portabilidad de sus datos en un formato estructurado, de uso com\u00fan y de lectura mec\u00e1nica, en los casos en los que habilite la normativa. <\/p>\n<p>Tambi\u00e9n, por motivos relacionados con su situaci\u00f3n particular y cumplimiento los requisitos exigidos por la normativa, los interesados podr\u00e1n oponerse al tratamiento de sus datos. La Universidad de Zaragoza dejar\u00e1 de tratar los datos, salvo por motivos leg\u00edtimos imperiosos, o el ejercicio o la defensa de posibles reclamaciones. <\/p>\n<p>Para el ejercicio de estos derechos, el usuario deber\u00e1 dirigirse ante el Gerente de la Universidad de Zaragoza, en la primera planta del Edificio Paraninfo, sito en la Plaza Basilio Para\u00edso 4 \u2013 50005, Zaragoza. Dicha solicitud deber\u00e1 se\u00f1alar la causa de ejercicio del derecho, as\u00ed como acompa\u00f1arla de una copia de su documento acreditativo de entidad. Esta solicitud podr\u00e1 realizarse mediante escrito en formato papel o por medios electr\u00f3nicos. <\/p>\n<p><strong>\u00bfPuede presentar una reclamaci\u00f3n ante la AEPD?<\/strong><\/p>\n<p>Los interesados tambi\u00e9n tendr\u00e1n derecho a la tutela judicial efectiva y a presentar una reclamaci\u00f3n ante la autoridad de control, en este caso, la Agencia Espa\u00f1ola de Protecci\u00f3n de Datos, si consideran que el tratamiento de datos personales que le conciernen infringe el Reglamento. Podr\u00e1n reclamar mediante escrito dirigido a la Agencia Espa\u00f1ola de Protecci\u00f3n de Datos, C\/Jorge Juan n\u00ba 6, 28001 Madrid o bien accediendo a su sede electr\u00f3nica: <a href=\"https:\/\/sedeagpd.gob.es\/sede-electronica-web\/\" rel=\"noopener noreferrer\" target=\"_blank\">https:\/\/sedeagpd.gob.es\/sede-electronica-web\/<\/a><\/p>\n<\/div><div class=\"fusion-clearfix\"><\/div><\/div><\/div><\/div><\/div>\n","protected":false},"excerpt":{"rendered":"","protected":false},"author":1,"featured_media":0,"parent":0,"menu_order":0,"comment_status":"closed","ping_status":"closed","template":"100-width.php","meta":{"footnotes":""},"class_list":["post-2663","page","type-page","status-publish","hentry"],"yoast_head":"<!-- This site is optimized with the Yoast SEO plugin v27.2 - https:\/\/yoast.com\/product\/yoast-seo-wordpress\/ -->\n<title>Pol\u00edtica de Privacidad - Grupo Gener\u00e9s<\/title>\n<meta name=\"robots\" content=\"index, follow, max-snippet:-1, max-image-preview:large, max-video-preview:-1\" \/>\n<link rel=\"canonical\" href=\"https:\/\/generes.unizar.es\/privacy\/\" \/>\n<meta property=\"og:locale\" content=\"es_ES\" \/>\n<meta property=\"og:type\" content=\"article\" \/>\n<meta property=\"og:title\" content=\"[:en]Privacy Policy[:es]Pol\u00edtica de Privacidad[:] - Grupo Gener\u00e9s\" \/>\n<meta property=\"og:url\" content=\"https:\/\/generes.unizar.es\/privacy\/\" \/>\n<meta property=\"og:site_name\" content=\"Grupo Gener\u00e9s\" \/>\n<meta property=\"article:modified_time\" content=\"2019-07-24T09:23:24+00:00\" \/>\n<meta name=\"twitter:card\" content=\"summary_large_image\" \/>\n<meta name=\"twitter:label1\" content=\"Tiempo de lectura\" \/>\n\t<meta name=\"twitter:data1\" content=\"6 minutos\" \/>\n<script type=\"application\/ld+json\" class=\"yoast-schema-graph\">{\"@context\":\"https:\/\/schema.org\",\"@graph\":[{\"@type\":\"WebPage\",\"@id\":\"https:\/\/generes.unizar.es\/privacy\/\",\"url\":\"https:\/\/generes.unizar.es\/privacy\/\",\"name\":\"[:en]Privacy Policy[:es]Pol\u00edtica de Privacidad[:] - Grupo Gener\u00e9s\",\"isPartOf\":{\"@id\":\"https:\/\/generes.unizar.es\/#website\"},\"datePublished\":\"2019-06-19T16:57:50+00:00\",\"dateModified\":\"2019-07-24T09:23:24+00:00\",\"breadcrumb\":{\"@id\":\"https:\/\/generes.unizar.es\/privacy\/#breadcrumb\"},\"inLanguage\":\"es\",\"potentialAction\":[{\"@type\":\"ReadAction\",\"target\":[\"https:\/\/generes.unizar.es\/privacy\/\"]}]},{\"@type\":\"BreadcrumbList\",\"@id\":\"https:\/\/generes.unizar.es\/privacy\/#breadcrumb\",\"itemListElement\":[{\"@type\":\"ListItem\",\"position\":1,\"name\":\"Portada\",\"item\":\"https:\/\/generes.unizar.es\/\"},{\"@type\":\"ListItem\",\"position\":2,\"name\":\"Privacy Policy\"}]},{\"@type\":\"WebSite\",\"@id\":\"https:\/\/generes.unizar.es\/#website\",\"url\":\"https:\/\/generes.unizar.es\/\",\"name\":\"Grupo Gener\u00e9s\",\"description\":\"Universidad de Zaragoza\",\"publisher\":{\"@id\":\"https:\/\/generes.unizar.es\/#organization\"},\"potentialAction\":[{\"@type\":\"SearchAction\",\"target\":{\"@type\":\"EntryPoint\",\"urlTemplate\":\"https:\/\/generes.unizar.es\/?s={search_term_string}\"},\"query-input\":{\"@type\":\"PropertyValueSpecification\",\"valueRequired\":true,\"valueName\":\"search_term_string\"}}],\"inLanguage\":\"es\"},{\"@type\":\"Organization\",\"@id\":\"https:\/\/generes.unizar.es\/#organization\",\"name\":\"Grupo Gener\u00e9s - Universidad de Zaragoza\",\"url\":\"https:\/\/generes.unizar.es\/\",\"logo\":{\"@type\":\"ImageObject\",\"inLanguage\":\"es\",\"@id\":\"https:\/\/generes.unizar.es\/#\/schema\/logo\/image\/\",\"url\":\"http:\/\/generes.unizar.es\/wp-content\/uploads\/2019\/06\/generes_logo.png\",\"contentUrl\":\"http:\/\/generes.unizar.es\/wp-content\/uploads\/2019\/06\/generes_logo.png\",\"width\":206,\"height\":75,\"caption\":\"Grupo Gener\u00e9s - Universidad de Zaragoza\"},\"image\":{\"@id\":\"https:\/\/generes.unizar.es\/#\/schema\/logo\/image\/\"}}]}<\/script>\n<!-- \/ Yoast SEO plugin. -->","yoast_head_json":{"title":"[:en]Privacy Policy[:es]Pol\u00edtica de Privacidad[:] - Grupo Gener\u00e9s","robots":{"index":"index","follow":"follow","max-snippet":"max-snippet:-1","max-image-preview":"max-image-preview:large","max-video-preview":"max-video-preview:-1"},"canonical":"https:\/\/generes.unizar.es\/privacy\/","og_locale":"es_ES","og_type":"article","og_title":"[:en]Privacy Policy[:es]Pol\u00edtica de Privacidad[:] - Grupo Gener\u00e9s","og_url":"https:\/\/generes.unizar.es\/privacy\/","og_site_name":"Grupo Gener\u00e9s","article_modified_time":"2019-07-24T09:23:24+00:00","twitter_card":"summary_large_image","twitter_misc":{"Tiempo de lectura":"6 minutos"},"schema":{"@context":"https:\/\/schema.org","@graph":[{"@type":"WebPage","@id":"https:\/\/generes.unizar.es\/privacy\/","url":"https:\/\/generes.unizar.es\/privacy\/","name":"[:en]Privacy Policy[:es]Pol\u00edtica de Privacidad[:] - Grupo Gener\u00e9s","isPartOf":{"@id":"https:\/\/generes.unizar.es\/#website"},"datePublished":"2019-06-19T16:57:50+00:00","dateModified":"2019-07-24T09:23:24+00:00","breadcrumb":{"@id":"https:\/\/generes.unizar.es\/privacy\/#breadcrumb"},"inLanguage":"es","potentialAction":[{"@type":"ReadAction","target":["https:\/\/generes.unizar.es\/privacy\/"]}]},{"@type":"BreadcrumbList","@id":"https:\/\/generes.unizar.es\/privacy\/#breadcrumb","itemListElement":[{"@type":"ListItem","position":1,"name":"Portada","item":"https:\/\/generes.unizar.es\/"},{"@type":"ListItem","position":2,"name":"Privacy Policy"}]},{"@type":"WebSite","@id":"https:\/\/generes.unizar.es\/#website","url":"https:\/\/generes.unizar.es\/","name":"Grupo Gener\u00e9s","description":"Universidad de Zaragoza","publisher":{"@id":"https:\/\/generes.unizar.es\/#organization"},"potentialAction":[{"@type":"SearchAction","target":{"@type":"EntryPoint","urlTemplate":"https:\/\/generes.unizar.es\/?s={search_term_string}"},"query-input":{"@type":"PropertyValueSpecification","valueRequired":true,"valueName":"search_term_string"}}],"inLanguage":"es"},{"@type":"Organization","@id":"https:\/\/generes.unizar.es\/#organization","name":"Grupo Gener\u00e9s - Universidad de Zaragoza","url":"https:\/\/generes.unizar.es\/","logo":{"@type":"ImageObject","inLanguage":"es","@id":"https:\/\/generes.unizar.es\/#\/schema\/logo\/image\/","url":"http:\/\/generes.unizar.es\/wp-content\/uploads\/2019\/06\/generes_logo.png","contentUrl":"http:\/\/generes.unizar.es\/wp-content\/uploads\/2019\/06\/generes_logo.png","width":206,"height":75,"caption":"Grupo Gener\u00e9s - Universidad de Zaragoza"},"image":{"@id":"https:\/\/generes.unizar.es\/#\/schema\/logo\/image\/"}}]}},"_links":{"self":[{"href":"https:\/\/generes.unizar.es\/es\/wp-json\/wp\/v2\/pages\/2663","targetHints":{"allow":["GET"]}}],"collection":[{"href":"https:\/\/generes.unizar.es\/es\/wp-json\/wp\/v2\/pages"}],"about":[{"href":"https:\/\/generes.unizar.es\/es\/wp-json\/wp\/v2\/types\/page"}],"author":[{"embeddable":true,"href":"https:\/\/generes.unizar.es\/es\/wp-json\/wp\/v2\/users\/1"}],"replies":[{"embeddable":true,"href":"https:\/\/generes.unizar.es\/es\/wp-json\/wp\/v2\/comments?post=2663"}],"version-history":[{"count":5,"href":"https:\/\/generes.unizar.es\/es\/wp-json\/wp\/v2\/pages\/2663\/revisions"}],"predecessor-version":[{"id":2668,"href":"https:\/\/generes.unizar.es\/es\/wp-json\/wp\/v2\/pages\/2663\/revisions\/2668"}],"wp:attachment":[{"href":"https:\/\/generes.unizar.es\/es\/wp-json\/wp\/v2\/media?parent=2663"}],"curies":[{"name":"wp","href":"https:\/\/api.w.org\/{rel}","templated":true}]}}