{"id":2657,"date":"2019-06-19T18:40:32","date_gmt":"2019-06-19T16:40:32","guid":{"rendered":"http:\/\/generes.unizar.es\/?page_id=2657"},"modified":"2019-07-24T11:23:03","modified_gmt":"2019-07-24T09:23:03","slug":"cookies","status":"publish","type":"page","link":"https:\/\/generes.unizar.es\/es\/cookies\/","title":{"rendered":"Pol\u00edtica de Cookies"},"content":{"rendered":"<div class=\"pdfprnt-buttons pdfprnt-buttons-page pdfprnt-top-right\"><a href=\"https:\/\/generes.unizar.es\/es\/wp-json\/wp\/v2\/pages\/2657?print=pdf\" class=\"pdfprnt-button pdfprnt-button-pdf\" target=\"_blank\" ><img decoding=\"async\" src=\"https:\/\/generes.unizar.es\/wp-content\/plugins\/pdf-print\/images\/pdf.png\" alt=\"image_pdf\" title=\"Descargar PDF\" \/><\/a><a href=\"https:\/\/generes.unizar.es\/es\/wp-json\/wp\/v2\/pages\/2657?print=print\" class=\"pdfprnt-button pdfprnt-button-print\" target=\"_blank\" ><img decoding=\"async\" src=\"https:\/\/generes.unizar.es\/wp-content\/plugins\/pdf-print\/images\/print.png\" alt=\"image_print\" title=\"Imprimir contenido\" \/><\/a><\/div><p><div class=\"fusion-fullwidth fullwidth-box fusion-builder-row-2 nonhundred-percent-fullwidth non-hundred-percent-height-scrolling\" style=\"--awb-border-radius-top-left:0px;--awb-border-radius-top-right:0px;--awb-border-radius-bottom-right:0px;--awb-border-radius-bottom-left:0px;--awb-flex-wrap:wrap;\" ><div class=\"fusion-builder-row fusion-row\"><div class=\"fusion-layout-column fusion_builder_column fusion-builder-column-1 fusion_builder_column_1_1 1_1 fusion-one-full fusion-column-first fusion-column-last\" style=\"--awb-bg-size:cover;\"><div class=\"fusion-column-wrapper fusion-flex-column-wrapper-legacy\"><div class=\"fusion-sep-clear\"><\/div><div class=\"fusion-separator fusion-full-width-sep\" style=\"margin-left: auto;margin-right: auto;margin-top:35px;margin-bottom:35px;width:100%;\"><\/div><div class=\"fusion-sep-clear\"><\/div><div class=\"fusion-text fusion-text-3\"><p><strong>\u00bfQu\u00e9 son las cookies? <\/strong><\/p>\n<p>Una cookie es un fichero que se descarga en su ordenador al acceder a determinadas p\u00e1ginas web. Las cookies permiten a una p\u00e1gina web, entre otras cosas, almacenar y recuperar informaci\u00f3n sobre los h\u00e1bitos de navegaci\u00f3n de un usuario o de su equipo y, dependiendo de la informaci\u00f3n que contengan y de la forma en que utilice su equipo, pueden utilizarse para reconocer al usuario.<\/p>\n<p><strong>\u00bfQu\u00e9 tipos de cookies utiliza esta p\u00e1gina web?<\/strong><\/p>\n<p><strong>Seg\u00fan la entidad que las gestiona:<\/strong><\/p>\n<p><strong>Cookies propias:<\/strong> son aqu\u00e9llas que se env\u00edan al equipo terminal del usuario desde un equipo o dominio gestionado por el propio editor y desde el que se presta el servicio solicitado por el usuario.<\/p>\n<p><strong>Cookies de terceros:<\/strong> son aquellas que se env\u00edan al equipo terminal del usuario desde un equipo o dominio que no es gestionado por el editor, sino por otra entidad que trata los datos obtenidos a trav\u00e9s de cookies, o cookies instaladas desde un equipo o dominio gestionado por el propio editor, pero la informaci\u00f3n que se recoge es gestionada por un tercero. En este caso se utilizan Cookies de redes sociales externas, que se utilizan para que los visitantes puedan interactuar con el contenido de diferentes plataformas sociales (Facebook, YouTube, Twitter, LinkedIn, etc.) y que se generan \u00fanicamente para los usuarios de dichas redes sociales. Las condiciones de utilizaci\u00f3n de estas cookies y la informaci\u00f3n recopilada se regulan por la pol\u00edtica de privacidad de la plataforma social correspondiente.<\/p>\n<p><strong>Seg\u00fan la cantidad de tiempo que permanecen activas:<\/strong><\/p>\n<p><strong>Cookies permanentes:<\/strong> son almacenadas en el disco duro y nuestra P\u00e1gina Web las lee cada vez que usted realiza una nueva visita. Una P\u00e1gina Web permanente posee una fecha de expiraci\u00f3n determinada. La cookie dejar\u00e1 de funcionar despu\u00e9s de esa fecha.<\/p>\n<p><strong>Seg\u00fan su finalidad:<\/strong><\/p>\n<p><strong>Cookies t\u00e9cnicas:<\/strong> Son aqu\u00e9llas que permiten al usuario la navegaci\u00f3n a trav\u00e9s de una p\u00e1gina web, plataforma o aplicaci\u00f3n y la utilizaci\u00f3n de las diferentes opciones o servicios que en ella existan como, por ejemplo, controlar el tr\u00e1fico y la comunicaci\u00f3n de datos, identificar la sesi\u00f3n, acceder a partes de acceso restringido, recordar los elementos que integran un pedido, realizar el proceso de compra de un pedido, realizar la solicitud de inscripci\u00f3n o participaci\u00f3n en un evento, utilizar elementos de seguridad durante la navegaci\u00f3n, almacenar contenidos para la difusi\u00f3n de videos o sonido o compartir contenidos a trav\u00e9s de redes sociales. <\/p>\n<p><strong>Cookies de an\u00e1lisis:<\/strong> Son aqu\u00e9llas que permiten al responsable de las mismas, el seguimiento y an\u00e1lisis del comportamiento de los usuarios de los sitios web a los que est\u00e1n vinculadas. La informaci\u00f3n recogida mediante este tipo de cookies se utiliza en la medici\u00f3n de la actividad de los sitios web, aplicaci\u00f3n o plataforma y para la elaboraci\u00f3n de perfiles de navegaci\u00f3n de los usuarios de dichos sitios, aplicaciones y plataformas, con el fin de introducir mejoras en funci\u00f3n del an\u00e1lisis de los datos de uso que hacen los usuarios del servicio.<\/p>\n<p><strong>Cookies de personalizaci\u00f3n:<\/strong> Son aqu\u00e9llas que permiten al usuario acceder al servicio con algunas caracter\u00edsticas de car\u00e1cter general predefinidas en funci\u00f3n de una serie de criterios en el terminal del usuario como por ejemplo serian el idioma, el tipo de navegador a trav\u00e9s del cual accede al servicio, la configuraci\u00f3n regional desde donde accede al servicio, etc.<\/p>\n<\/div>\n<div class=\"table-1\">\n<table width=\"100%\">\n<thead>\n<tr>\n<th align=\"left\">COOKIE<\/th>\n<th align=\"left\">PLAZO DE EXPIRACI\u00d3N<\/th>\n<th align=\"left\">FINALIDAD<\/th>\n<\/tr>\n<\/thead>\n<tbody>\n<tr>\n<td align=\"left\">1P_JAR<\/td>\n<td align=\"left\">1 mes<\/td>\n<td align=\"left\">Se utiliza para recoger informaci\u00f3n sobre el uso de nuestro sitio web por parte de los visitantes. Estas cookies se asocian \u00fanicamente a un usuario an\u00f3nimo y a su ordenador o dispositivo, sin proporcionar referencias que permitan conocer datos personales. Recoge el n\u00famero de visitantes al sitio, el tiempo que duran las visitas, el navegador, el tipo de terminal, el lugar de procedencia de los visitantes y las p\u00e1ginas visitadas.<\/td>\n<\/tr>\n<tr>\n<td align=\"left\">qtrans_front_language<\/td>\n<td align=\"left\">1 a\u00f1o<\/td>\n<td align=\"left\">Se usa para saber el idioma seleccionado por el usuario en su \u00faltima visita.<\/td>\n<\/tr>\n<tr>\n<td align=\"left\">CONSENT<\/td>\n<td align=\"left\">19 a\u00f1o<\/td>\n<td align=\"left\">Complemento de JavaScript para alertar a los usuarios sobre el uso de cookies en el sitio web.<\/td>\n<\/tr>\n<tr>\n<td align=\"left\">NID<\/td>\n<td align=\"left\">6 meses<\/td>\n<td align=\"left\">Cookie de Google que se utiliza para personalizar los anuncios que se muestran en los servicios de Google, como por ejemplo la b\u00fasqueda en Google.<\/td>\n<\/tr>\n<tr>\n<td align=\"left\">ANID<\/td>\n<td align=\"left\">1 a\u00f1o<\/td>\n<td align=\"left\">Identificador \u00fanico derivado de su cuenta de Microsoft, que se utiliza con prop\u00f3sitos de publicidad, personalizaci\u00f3n y explotaci\u00f3n.<\/td>\n<\/tr>\n<tr>\n<td align=\"left\">DV<\/td>\n<td align=\"left\">24 horas<\/td>\n<td align=\"left\">Es utilizada por Google para proveer servicios y extraer informaci\u00f3n an\u00f3nima sobre la navegaci\u00f3n.<\/td>\n<\/tr>\n<tr>\n<td align=\"left\">OGPC<\/td>\n<td align=\"left\">2 meses<\/td>\n<td align=\"left\">Cookie utilizada por Google para almacenar las preferencias del usuario y la informaci\u00f3n durante la visualizaci\u00f3n de las p\u00e1ginas con los mapas de Google.<\/td>\n<\/tr>\n<tr>\n<td align=\"left\">OTZ<\/td>\n<td align=\"left\">17 d\u00edas<\/td>\n<td align=\"left\">Cookie que recopila informaci\u00f3n sobre las preferencias para usarlas con fines publicitarios.<\/td>\n<\/tr>\n<\/tbody>\n<\/table>\n<\/div>\n<div class=\"fusion-sep-clear\"><\/div><div class=\"fusion-separator fusion-full-width-sep\" style=\"margin-left: auto;margin-right: auto;margin-top:10px;margin-bottom:10px;width:100%;\"><\/div><div class=\"fusion-sep-clear\"><\/div><div class=\"fusion-text fusion-text-4\"><p>Esta informaci\u00f3n la utilizamos para mejorar nuestra p\u00e1gina, detectar nuevas necesidades y valorar las mejoras a introducir con la finalidad de prestar un mejor servicio a los usuarios que nos visitan.<\/p>\n<p><strong>\u00bfC\u00f3mo deshabilitar las Cookies?<\/strong><\/p>\n<p>Puede usted permitir, bloquear o eliminar las cookies instaladas en su equipo mediante la configuraci\u00f3n de las opciones del navegador instalado en su ordenador:<\/p>\n<ul>\n<li>Internet Explorer: Herramientas -> Opciones de Internet -> Privacidad -> Configuraci\u00f3n. Para m\u00e1s informaci\u00f3n, puede consultar el soporte de Microsoft o la Ayuda del navegador.<\/li>\n<li>Firefox: Herramientas -> Opciones -> Privacidad -> Historial -> Configuraci\u00f3n Personalizada. Para m\u00e1s informaci\u00f3n, puede consultar el soporte de Mozilla o la Ayuda del navegador.<\/li>\n<li>Chrome: Configuraci\u00f3n -> Mostrar opciones avanzadas -> Privacidad -> Configuraci\u00f3n de contenido. Para m\u00e1s informaci\u00f3n, puede consultar el soporte de Google o la Ayuda del navegador.<\/li>\n<li>Safari: Preferencias -> Seguridad. Para m\u00e1s informaci\u00f3n, puede consultar el soporte de Apple o la Ayuda del navegador.<\/li>\n<\/ul>\n<p><strong>Qu\u00e9 ocurre si se deshabilitan las Cookies:<\/strong><\/p>\n<p>Algunas funcionalidades de los Servicios quedar\u00e1n deshabilitadas como, por ejemplo, permanecer identificado, recibir informaci\u00f3n dirigida a su localizaci\u00f3n o la visualizaci\u00f3n de algunos v\u00eddeos.<\/p>\n<\/div><div class=\"fusion-clearfix\"><\/div><\/div><\/div><\/div><\/div><\/p>","protected":false},"excerpt":{"rendered":"","protected":false},"author":1,"featured_media":0,"parent":0,"menu_order":0,"comment_status":"closed","ping_status":"closed","template":"100-width.php","meta":{"footnotes":""},"class_list":["post-2657","page","type-page","status-publish","hentry"],"yoast_head":"<!-- This site is optimized with the Yoast SEO plugin v27.2 - https:\/\/yoast.com\/product\/yoast-seo-wordpress\/ -->\n<title>Pol\u00edtica de Cookies - Grupo Gener\u00e9s<\/title>\n<meta name=\"robots\" content=\"index, follow, max-snippet:-1, max-image-preview:large, max-video-preview:-1\" \/>\n<link rel=\"canonical\" href=\"https:\/\/generes.unizar.es\/cookies\/\" \/>\n<meta property=\"og:locale\" content=\"es_ES\" \/>\n<meta property=\"og:type\" content=\"article\" \/>\n<meta property=\"og:title\" content=\"[:en]Cookie Policy[:es]Pol\u00edtica de Cookies[:] - Grupo Gener\u00e9s\" \/>\n<meta property=\"og:url\" content=\"https:\/\/generes.unizar.es\/cookies\/\" \/>\n<meta property=\"og:site_name\" content=\"Grupo Gener\u00e9s\" \/>\n<meta property=\"article:modified_time\" content=\"2019-07-24T09:23:03+00:00\" \/>\n<meta name=\"twitter:card\" content=\"summary_large_image\" \/>\n<meta name=\"twitter:label1\" content=\"Tiempo de lectura\" \/>\n\t<meta name=\"twitter:data1\" content=\"14 minutos\" \/>\n<script type=\"application\/ld+json\" class=\"yoast-schema-graph\">{\"@context\":\"https:\/\/schema.org\",\"@graph\":[{\"@type\":\"WebPage\",\"@id\":\"https:\/\/generes.unizar.es\/cookies\/\",\"url\":\"https:\/\/generes.unizar.es\/cookies\/\",\"name\":\"[:en]Cookie Policy[:es]Pol\u00edtica de Cookies[:] - Grupo Gener\u00e9s\",\"isPartOf\":{\"@id\":\"https:\/\/generes.unizar.es\/#website\"},\"datePublished\":\"2019-06-19T16:40:32+00:00\",\"dateModified\":\"2019-07-24T09:23:03+00:00\",\"breadcrumb\":{\"@id\":\"https:\/\/generes.unizar.es\/cookies\/#breadcrumb\"},\"inLanguage\":\"es\",\"potentialAction\":[{\"@type\":\"ReadAction\",\"target\":[\"https:\/\/generes.unizar.es\/cookies\/\"]}]},{\"@type\":\"BreadcrumbList\",\"@id\":\"https:\/\/generes.unizar.es\/cookies\/#breadcrumb\",\"itemListElement\":[{\"@type\":\"ListItem\",\"position\":1,\"name\":\"Portada\",\"item\":\"https:\/\/generes.unizar.es\/\"},{\"@type\":\"ListItem\",\"position\":2,\"name\":\"Cookie Policy\"}]},{\"@type\":\"WebSite\",\"@id\":\"https:\/\/generes.unizar.es\/#website\",\"url\":\"https:\/\/generes.unizar.es\/\",\"name\":\"Grupo Gener\u00e9s\",\"description\":\"Universidad de Zaragoza\",\"publisher\":{\"@id\":\"https:\/\/generes.unizar.es\/#organization\"},\"potentialAction\":[{\"@type\":\"SearchAction\",\"target\":{\"@type\":\"EntryPoint\",\"urlTemplate\":\"https:\/\/generes.unizar.es\/?s={search_term_string}\"},\"query-input\":{\"@type\":\"PropertyValueSpecification\",\"valueRequired\":true,\"valueName\":\"search_term_string\"}}],\"inLanguage\":\"es\"},{\"@type\":\"Organization\",\"@id\":\"https:\/\/generes.unizar.es\/#organization\",\"name\":\"Grupo Gener\u00e9s - Universidad de Zaragoza\",\"url\":\"https:\/\/generes.unizar.es\/\",\"logo\":{\"@type\":\"ImageObject\",\"inLanguage\":\"es\",\"@id\":\"https:\/\/generes.unizar.es\/#\/schema\/logo\/image\/\",\"url\":\"http:\/\/generes.unizar.es\/wp-content\/uploads\/2019\/06\/generes_logo.png\",\"contentUrl\":\"http:\/\/generes.unizar.es\/wp-content\/uploads\/2019\/06\/generes_logo.png\",\"width\":206,\"height\":75,\"caption\":\"Grupo Gener\u00e9s - Universidad de Zaragoza\"},\"image\":{\"@id\":\"https:\/\/generes.unizar.es\/#\/schema\/logo\/image\/\"}}]}<\/script>\n<!-- \/ Yoast SEO plugin. -->","yoast_head_json":{"title":"[:en]Cookie Policy[:es]Pol\u00edtica de Cookies[:] - Grupo Gener\u00e9s","robots":{"index":"index","follow":"follow","max-snippet":"max-snippet:-1","max-image-preview":"max-image-preview:large","max-video-preview":"max-video-preview:-1"},"canonical":"https:\/\/generes.unizar.es\/cookies\/","og_locale":"es_ES","og_type":"article","og_title":"[:en]Cookie Policy[:es]Pol\u00edtica de Cookies[:] - Grupo Gener\u00e9s","og_url":"https:\/\/generes.unizar.es\/cookies\/","og_site_name":"Grupo Gener\u00e9s","article_modified_time":"2019-07-24T09:23:03+00:00","twitter_card":"summary_large_image","twitter_misc":{"Tiempo de lectura":"14 minutos"},"schema":{"@context":"https:\/\/schema.org","@graph":[{"@type":"WebPage","@id":"https:\/\/generes.unizar.es\/cookies\/","url":"https:\/\/generes.unizar.es\/cookies\/","name":"[:en]Cookie Policy[:es]Pol\u00edtica de Cookies[:] - Grupo Gener\u00e9s","isPartOf":{"@id":"https:\/\/generes.unizar.es\/#website"},"datePublished":"2019-06-19T16:40:32+00:00","dateModified":"2019-07-24T09:23:03+00:00","breadcrumb":{"@id":"https:\/\/generes.unizar.es\/cookies\/#breadcrumb"},"inLanguage":"es","potentialAction":[{"@type":"ReadAction","target":["https:\/\/generes.unizar.es\/cookies\/"]}]},{"@type":"BreadcrumbList","@id":"https:\/\/generes.unizar.es\/cookies\/#breadcrumb","itemListElement":[{"@type":"ListItem","position":1,"name":"Portada","item":"https:\/\/generes.unizar.es\/"},{"@type":"ListItem","position":2,"name":"Cookie Policy"}]},{"@type":"WebSite","@id":"https:\/\/generes.unizar.es\/#website","url":"https:\/\/generes.unizar.es\/","name":"Grupo Gener\u00e9s","description":"Universidad de Zaragoza","publisher":{"@id":"https:\/\/generes.unizar.es\/#organization"},"potentialAction":[{"@type":"SearchAction","target":{"@type":"EntryPoint","urlTemplate":"https:\/\/generes.unizar.es\/?s={search_term_string}"},"query-input":{"@type":"PropertyValueSpecification","valueRequired":true,"valueName":"search_term_string"}}],"inLanguage":"es"},{"@type":"Organization","@id":"https:\/\/generes.unizar.es\/#organization","name":"Grupo Gener\u00e9s - Universidad de Zaragoza","url":"https:\/\/generes.unizar.es\/","logo":{"@type":"ImageObject","inLanguage":"es","@id":"https:\/\/generes.unizar.es\/#\/schema\/logo\/image\/","url":"http:\/\/generes.unizar.es\/wp-content\/uploads\/2019\/06\/generes_logo.png","contentUrl":"http:\/\/generes.unizar.es\/wp-content\/uploads\/2019\/06\/generes_logo.png","width":206,"height":75,"caption":"Grupo Gener\u00e9s - Universidad de Zaragoza"},"image":{"@id":"https:\/\/generes.unizar.es\/#\/schema\/logo\/image\/"}}]}},"_links":{"self":[{"href":"https:\/\/generes.unizar.es\/es\/wp-json\/wp\/v2\/pages\/2657","targetHints":{"allow":["GET"]}}],"collection":[{"href":"https:\/\/generes.unizar.es\/es\/wp-json\/wp\/v2\/pages"}],"about":[{"href":"https:\/\/generes.unizar.es\/es\/wp-json\/wp\/v2\/types\/page"}],"author":[{"embeddable":true,"href":"https:\/\/generes.unizar.es\/es\/wp-json\/wp\/v2\/users\/1"}],"replies":[{"embeddable":true,"href":"https:\/\/generes.unizar.es\/es\/wp-json\/wp\/v2\/comments?post=2657"}],"version-history":[{"count":5,"href":"https:\/\/generes.unizar.es\/es\/wp-json\/wp\/v2\/pages\/2657\/revisions"}],"predecessor-version":[{"id":2662,"href":"https:\/\/generes.unizar.es\/es\/wp-json\/wp\/v2\/pages\/2657\/revisions\/2662"}],"wp:attachment":[{"href":"https:\/\/generes.unizar.es\/es\/wp-json\/wp\/v2\/media?parent=2657"}],"curies":[{"name":"wp","href":"https:\/\/api.w.org\/{rel}","templated":true}]}}