{"id":2652,"date":"2019-06-19T18:36:56","date_gmt":"2019-06-19T16:36:56","guid":{"rendered":"http:\/\/generes.unizar.es\/?page_id=2652"},"modified":"2019-07-24T11:23:08","modified_gmt":"2019-07-24T09:23:08","slug":"legal","status":"publish","type":"page","link":"https:\/\/generes.unizar.es\/es\/legal\/","title":{"rendered":"Aviso Legal"},"content":{"rendered":"<div class=\"pdfprnt-buttons pdfprnt-buttons-page pdfprnt-top-right\"><a href=\"https:\/\/generes.unizar.es\/es\/wp-json\/wp\/v2\/pages\/2652?print=pdf\" class=\"pdfprnt-button pdfprnt-button-pdf\" target=\"_blank\" ><img decoding=\"async\" src=\"https:\/\/generes.unizar.es\/wp-content\/plugins\/pdf-print\/images\/pdf.png\" alt=\"image_pdf\" title=\"Descargar PDF\" \/><\/a><a href=\"https:\/\/generes.unizar.es\/es\/wp-json\/wp\/v2\/pages\/2652?print=print\" class=\"pdfprnt-button pdfprnt-button-print\" target=\"_blank\" ><img decoding=\"async\" src=\"https:\/\/generes.unizar.es\/wp-content\/plugins\/pdf-print\/images\/print.png\" alt=\"image_print\" title=\"Imprimir contenido\" \/><\/a><\/div><div class=\"fusion-fullwidth fullwidth-box fusion-builder-row-1 nonhundred-percent-fullwidth non-hundred-percent-height-scrolling\" style=\"--awb-border-radius-top-left:0px;--awb-border-radius-top-right:0px;--awb-border-radius-bottom-right:0px;--awb-border-radius-bottom-left:0px;--awb-flex-wrap:wrap;\" ><div class=\"fusion-builder-row fusion-row\"><div class=\"fusion-layout-column fusion_builder_column fusion-builder-column-0 fusion_builder_column_1_1 1_1 fusion-one-full fusion-column-first fusion-column-last\" style=\"--awb-bg-size:cover;\"><div class=\"fusion-column-wrapper fusion-flex-column-wrapper-legacy\"><div class=\"fusion-sep-clear\"><\/div><div class=\"fusion-separator fusion-full-width-sep\" style=\"margin-left: auto;margin-right: auto;margin-top:35px;margin-bottom:35px;width:100%;\"><\/div><div class=\"fusion-sep-clear\"><\/div><div class=\"fusion-text fusion-text-1\"><p><strong>INFORMACI\u00d3N GENERAL<\/strong><\/p>\n<p><strong>Titular del portal:<\/strong> Universidad de Zaragoza<br \/>\n<strong>Direcci\u00f3n:<\/strong> Calle Pedro Cerbuna 12 \u2013 50009, Zaragoza<br \/>\n<strong>C. I. F.:<\/strong> Q5018001G<br \/>\n<strong>Contacto:<\/strong> generes@unizar.es<\/p>\n<p>Todos los derechos reservados.<\/p>\n<p><strong>CONDICIONES DE ACCESO Y UTILIZACI\u00d3N DEL PORTAL<\/strong><\/p>\n<p>El usuario se compromete a utilizar el portal y los servicios de conformidad con la ley, el presente aviso legal, las condiciones particulares de ciertos servicios, as\u00ed como la moral, buenas costumbres generalmente aceptadas y el orden p\u00fablico.<\/p>\n<p>Este sitio web le es ofrecido a condici\u00f3n de que usted acepte \u00edntegramente los t\u00e9rminos, condiciones y comunicaciones contenidos en el presente aviso legal. El hecho de que usted use este sitio web constituye por s\u00ed s\u00f3lo la aceptaci\u00f3n de los mismos. <\/p>\n<p><strong>LIMITACIONES DE USO<\/strong><\/p>\n<p>Usted no est\u00e1 autorizado a modificar, copiar, distribuir, transmitir, divulgar, utilizar, reproducir, publicar, licenciar, ceder, vender ni crear trabajos derivados a partir de la informaci\u00f3n que pueda obtener de este sitio web. El uso de este sitio web con fines ilegales o no autorizados por los presentes t\u00e9rminos, condiciones y comunicaciones queda terminantemente prohibido.<\/p>\n<p>No se asume ninguna responsabilidad del uso que los menores puedan hacer de la misma en casos de que los contenidos a que se acceda puedan herir la sensibilidad de los mismos. La plena responsabilidad en la determinaci\u00f3n de los contenidos y servicios a los que acceden los menores de edad corresponde a los mayores a cuyo cargo se encuentran. Existen mecanismos, en particular programas inform\u00e1ticos de filtro y bloqueo, que permiten limitar los contenidos disponibles, siendo de especial utilidad para controlar y restringir los materiales a los que pueden acceder los menores.<\/p>\n<p><strong>CONEXIONES CON SITIOS DE TERCEROS<\/strong><\/p>\n<p>Este portal pone a disposici\u00f3n de los usuarios dispositivos t\u00e9cnicos de enlace, directorios y otras herramientas como buscadores, que les permite acceder a sitios web pertenecientes y\/o gestionados por terceros. La instalaci\u00f3n de los mismos tiene por \u00fanico objeto facilitar a los usuarios el acceso a informaci\u00f3n, contenidos y servicios disponibles en Internet.<\/p>\n<p>La Universidad de Zaragoza no asume responsabilidad alguna por la informaci\u00f3n contenida en las p\u00e1ginas web de terceros a las que se pueda acceder por enlaces o buscadores desde nuestras p\u00e1ginas. Sin embargo, se compromete a retirar enlaces en caso de tener conocimiento de la existencia de contenidos il\u00edcitos o que lesionen derechos de terceros.<\/p>\n<p>Se excluye cualquier responsabilidad por los da\u00f1os y perjuicios de toda naturaleza que puedan deberse a la presencia de virus o a la presencia de otros elementos lesivos en los servicios prestados por terceros a trav\u00e9s del portal que puedan producir alteraciones en el sistema inform\u00e1tico, documentos electr\u00f3nicos o ficheros de los usuarios.<\/p>\n<p>La informaci\u00f3n contenida en este sitio web puede contener errores tipogr\u00e1ficos, imprecisiones e inexactitudes de los que la Universidad de Zaragoza no se responsabiliza, tampoco lo har\u00e1 en el caso de que los mismos provengan de p\u00e1ginas de terceros a las que el usuario accede a trav\u00e9s de los enlaces colocados en nuestro portal.<\/p>\n<p><strong>DERECHOS DE PROPIEDAD INTELECTUAL<\/strong><\/p>\n<p>El usuario reconoce y acepta que todos los derechos sobre el contenido de este sitio web pertenecen a la Universidad de Zaragoza, y que en consecuencia la modificaci\u00f3n, adaptaci\u00f3n, comunicaci\u00f3n p\u00fablica, distribuci\u00f3n, venta, alquiler y cualquier otro derecho de propiedad intelectual realizado por el usuario sin consentimiento de la Universidad de Zaragoza queda prohibido.<\/p>\n<p>Asimismo, la Universidad de Zaragoza es titular de los derechos de propiedad industrial derivados de los elementos que integran su p\u00e1gina web o, en cualquier caso, dispone de la correspondiente autorizaci\u00f3n para su utilizaci\u00f3n.<\/p>\n<p>En ning\u00fan caso, la Universidad de Zaragoza ser\u00e1 responsable de las posibles infracciones que en esta materia pudiera producir cualquier usuario del portal. <\/p>\n<p><strong>ACTUALIZACI\u00d3N Y MODIFICACI\u00d3N DE LA P\u00c1GINA WEB<\/strong><\/p>\n<p>La Universidad de Zaragoza se reserva el derecho a actualizar, modificar o eliminar la informaci\u00f3n de esta p\u00e1gina web y su configuraci\u00f3n sin preaviso. De igual forma podr\u00e1 suspender su difusi\u00f3n total o parcialmente y modificar la estructura o contenido de la misma sin previo aviso.<br \/>\nPara la resoluci\u00f3n de problemas o preguntas relacionadas con este sitio web, por favor p\u00f3ngase en contacto con la Universidad de Zaragoza en la siguiente direcci\u00f3n generes@unizar.es.<\/p>\n<\/div><div class=\"fusion-clearfix\"><\/div><\/div><\/div><\/div><\/div>\n","protected":false},"excerpt":{"rendered":"","protected":false},"author":1,"featured_media":0,"parent":0,"menu_order":0,"comment_status":"closed","ping_status":"closed","template":"100-width.php","meta":{"footnotes":""},"class_list":["post-2652","page","type-page","status-publish","hentry"],"yoast_head":"<!-- This site is optimized with the Yoast SEO plugin v27.2 - https:\/\/yoast.com\/product\/yoast-seo-wordpress\/ -->\n<title>Aviso Legal - Grupo Gener\u00e9s<\/title>\n<meta name=\"robots\" content=\"index, follow, max-snippet:-1, max-image-preview:large, max-video-preview:-1\" \/>\n<link rel=\"canonical\" href=\"https:\/\/generes.unizar.es\/legal\/\" \/>\n<meta property=\"og:locale\" content=\"es_ES\" \/>\n<meta property=\"og:type\" content=\"article\" \/>\n<meta property=\"og:title\" content=\"[:en]Legal Notice[:es]Aviso Legal[:] - Grupo Gener\u00e9s\" \/>\n<meta property=\"og:url\" content=\"https:\/\/generes.unizar.es\/legal\/\" \/>\n<meta property=\"og:site_name\" content=\"Grupo Gener\u00e9s\" \/>\n<meta property=\"article:modified_time\" content=\"2019-07-24T09:23:08+00:00\" \/>\n<meta name=\"twitter:card\" content=\"summary_large_image\" \/>\n<meta name=\"twitter:label1\" content=\"Tiempo de lectura\" \/>\n\t<meta name=\"twitter:data1\" content=\"5 minutos\" \/>\n<script type=\"application\/ld+json\" class=\"yoast-schema-graph\">{\"@context\":\"https:\/\/schema.org\",\"@graph\":[{\"@type\":\"WebPage\",\"@id\":\"https:\/\/generes.unizar.es\/legal\/\",\"url\":\"https:\/\/generes.unizar.es\/legal\/\",\"name\":\"[:en]Legal Notice[:es]Aviso Legal[:] - Grupo Gener\u00e9s\",\"isPartOf\":{\"@id\":\"https:\/\/generes.unizar.es\/#website\"},\"datePublished\":\"2019-06-19T16:36:56+00:00\",\"dateModified\":\"2019-07-24T09:23:08+00:00\",\"breadcrumb\":{\"@id\":\"https:\/\/generes.unizar.es\/legal\/#breadcrumb\"},\"inLanguage\":\"es\",\"potentialAction\":[{\"@type\":\"ReadAction\",\"target\":[\"https:\/\/generes.unizar.es\/legal\/\"]}]},{\"@type\":\"BreadcrumbList\",\"@id\":\"https:\/\/generes.unizar.es\/legal\/#breadcrumb\",\"itemListElement\":[{\"@type\":\"ListItem\",\"position\":1,\"name\":\"Portada\",\"item\":\"https:\/\/generes.unizar.es\/\"},{\"@type\":\"ListItem\",\"position\":2,\"name\":\"Legal Notice\"}]},{\"@type\":\"WebSite\",\"@id\":\"https:\/\/generes.unizar.es\/#website\",\"url\":\"https:\/\/generes.unizar.es\/\",\"name\":\"Grupo Gener\u00e9s\",\"description\":\"Universidad de Zaragoza\",\"publisher\":{\"@id\":\"https:\/\/generes.unizar.es\/#organization\"},\"potentialAction\":[{\"@type\":\"SearchAction\",\"target\":{\"@type\":\"EntryPoint\",\"urlTemplate\":\"https:\/\/generes.unizar.es\/?s={search_term_string}\"},\"query-input\":{\"@type\":\"PropertyValueSpecification\",\"valueRequired\":true,\"valueName\":\"search_term_string\"}}],\"inLanguage\":\"es\"},{\"@type\":\"Organization\",\"@id\":\"https:\/\/generes.unizar.es\/#organization\",\"name\":\"Grupo Gener\u00e9s - Universidad de Zaragoza\",\"url\":\"https:\/\/generes.unizar.es\/\",\"logo\":{\"@type\":\"ImageObject\",\"inLanguage\":\"es\",\"@id\":\"https:\/\/generes.unizar.es\/#\/schema\/logo\/image\/\",\"url\":\"http:\/\/generes.unizar.es\/wp-content\/uploads\/2019\/06\/generes_logo.png\",\"contentUrl\":\"http:\/\/generes.unizar.es\/wp-content\/uploads\/2019\/06\/generes_logo.png\",\"width\":206,\"height\":75,\"caption\":\"Grupo Gener\u00e9s - Universidad de Zaragoza\"},\"image\":{\"@id\":\"https:\/\/generes.unizar.es\/#\/schema\/logo\/image\/\"}}]}<\/script>\n<!-- \/ Yoast SEO plugin. -->","yoast_head_json":{"title":"[:en]Legal Notice[:es]Aviso Legal[:] - Grupo Gener\u00e9s","robots":{"index":"index","follow":"follow","max-snippet":"max-snippet:-1","max-image-preview":"max-image-preview:large","max-video-preview":"max-video-preview:-1"},"canonical":"https:\/\/generes.unizar.es\/legal\/","og_locale":"es_ES","og_type":"article","og_title":"[:en]Legal Notice[:es]Aviso Legal[:] - Grupo Gener\u00e9s","og_url":"https:\/\/generes.unizar.es\/legal\/","og_site_name":"Grupo Gener\u00e9s","article_modified_time":"2019-07-24T09:23:08+00:00","twitter_card":"summary_large_image","twitter_misc":{"Tiempo de lectura":"5 minutos"},"schema":{"@context":"https:\/\/schema.org","@graph":[{"@type":"WebPage","@id":"https:\/\/generes.unizar.es\/legal\/","url":"https:\/\/generes.unizar.es\/legal\/","name":"[:en]Legal Notice[:es]Aviso Legal[:] - Grupo Gener\u00e9s","isPartOf":{"@id":"https:\/\/generes.unizar.es\/#website"},"datePublished":"2019-06-19T16:36:56+00:00","dateModified":"2019-07-24T09:23:08+00:00","breadcrumb":{"@id":"https:\/\/generes.unizar.es\/legal\/#breadcrumb"},"inLanguage":"es","potentialAction":[{"@type":"ReadAction","target":["https:\/\/generes.unizar.es\/legal\/"]}]},{"@type":"BreadcrumbList","@id":"https:\/\/generes.unizar.es\/legal\/#breadcrumb","itemListElement":[{"@type":"ListItem","position":1,"name":"Portada","item":"https:\/\/generes.unizar.es\/"},{"@type":"ListItem","position":2,"name":"Legal Notice"}]},{"@type":"WebSite","@id":"https:\/\/generes.unizar.es\/#website","url":"https:\/\/generes.unizar.es\/","name":"Grupo Gener\u00e9s","description":"Universidad de Zaragoza","publisher":{"@id":"https:\/\/generes.unizar.es\/#organization"},"potentialAction":[{"@type":"SearchAction","target":{"@type":"EntryPoint","urlTemplate":"https:\/\/generes.unizar.es\/?s={search_term_string}"},"query-input":{"@type":"PropertyValueSpecification","valueRequired":true,"valueName":"search_term_string"}}],"inLanguage":"es"},{"@type":"Organization","@id":"https:\/\/generes.unizar.es\/#organization","name":"Grupo Gener\u00e9s - Universidad de Zaragoza","url":"https:\/\/generes.unizar.es\/","logo":{"@type":"ImageObject","inLanguage":"es","@id":"https:\/\/generes.unizar.es\/#\/schema\/logo\/image\/","url":"http:\/\/generes.unizar.es\/wp-content\/uploads\/2019\/06\/generes_logo.png","contentUrl":"http:\/\/generes.unizar.es\/wp-content\/uploads\/2019\/06\/generes_logo.png","width":206,"height":75,"caption":"Grupo Gener\u00e9s - Universidad de Zaragoza"},"image":{"@id":"https:\/\/generes.unizar.es\/#\/schema\/logo\/image\/"}}]}},"_links":{"self":[{"href":"https:\/\/generes.unizar.es\/es\/wp-json\/wp\/v2\/pages\/2652","targetHints":{"allow":["GET"]}}],"collection":[{"href":"https:\/\/generes.unizar.es\/es\/wp-json\/wp\/v2\/pages"}],"about":[{"href":"https:\/\/generes.unizar.es\/es\/wp-json\/wp\/v2\/types\/page"}],"author":[{"embeddable":true,"href":"https:\/\/generes.unizar.es\/es\/wp-json\/wp\/v2\/users\/1"}],"replies":[{"embeddable":true,"href":"https:\/\/generes.unizar.es\/es\/wp-json\/wp\/v2\/comments?post=2652"}],"version-history":[{"count":4,"href":"https:\/\/generes.unizar.es\/es\/wp-json\/wp\/v2\/pages\/2652\/revisions"}],"predecessor-version":[{"id":2656,"href":"https:\/\/generes.unizar.es\/es\/wp-json\/wp\/v2\/pages\/2652\/revisions\/2656"}],"wp:attachment":[{"href":"https:\/\/generes.unizar.es\/es\/wp-json\/wp\/v2\/media?parent=2652"}],"curies":[{"name":"wp","href":"https:\/\/api.w.org\/{rel}","templated":true}]}}