{"id":2522,"date":"2019-06-18T18:17:20","date_gmt":"2019-06-18T16:17:20","guid":{"rendered":"http:\/\/generes.unizar.es\/?page_id=2522"},"modified":"2025-06-20T23:31:43","modified_gmt":"2025-06-20T21:31:43","slug":"lines-research","status":"publish","type":"page","link":"https:\/\/generes.unizar.es\/es\/lines-research\/","title":{"rendered":"L\u00edneas de Investigaci\u00f3n"},"content":{"rendered":"<div class=\"pdfprnt-buttons pdfprnt-buttons-page pdfprnt-top-right\"><a href=\"https:\/\/generes.unizar.es\/es\/wp-json\/wp\/v2\/pages\/2522?print=pdf\" class=\"pdfprnt-button pdfprnt-button-pdf\" target=\"_blank\" ><img decoding=\"async\" src=\"https:\/\/generes.unizar.es\/wp-content\/plugins\/pdf-print\/images\/pdf.png\" alt=\"image_pdf\" title=\"Descargar PDF\" \/><\/a><a href=\"https:\/\/generes.unizar.es\/es\/wp-json\/wp\/v2\/pages\/2522?print=print\" class=\"pdfprnt-button pdfprnt-button-print\" target=\"_blank\" ><img decoding=\"async\" src=\"https:\/\/generes.unizar.es\/wp-content\/plugins\/pdf-print\/images\/print.png\" alt=\"image_print\" title=\"Imprimir contenido\" \/><\/a><\/div><p><div class=\"fusion-fullwidth fullwidth-box fusion-builder-row-3 nonhundred-percent-fullwidth non-hundred-percent-height-scrolling\" style=\"--awb-background-position:left top;--awb-border-sizes-top:0px;--awb-border-sizes-bottom:0px;--awb-border-sizes-left:0px;--awb-border-sizes-right:0px;--awb-border-radius-top-left:0px;--awb-border-radius-top-right:0px;--awb-border-radius-bottom-right:0px;--awb-border-radius-bottom-left:0px;--awb-padding-top:0px;--awb-padding-bottom:20px;--awb-flex-wrap:wrap;\" ><div class=\"fusion-builder-row fusion-row\"><div class=\"fusion-layout-column fusion_builder_column fusion-builder-column-2 fusion_builder_column_1_1 1_1 fusion-one-full fusion-column-first fusion-column-last\" style=\"--awb-bg-size:cover;--awb-margin-top:0px;--awb-margin-bottom:0px;\"><div class=\"fusion-column-wrapper fusion-flex-column-wrapper-legacy\"><div class=\"fusion-sep-clear\"><\/div><div class=\"fusion-separator fusion-full-width-sep\" style=\"margin-left: auto;margin-right: auto;margin-top:40px;margin-bottom:40px;width:100%;\"><\/div><div class=\"fusion-sep-clear\"><\/div><div class=\"fusion-content-boxes content-boxes columns row fusion-columns-2 fusion-columns-total-3 fusion-content-boxes-2 content-boxes-icon-on-top content-left titulolineas\" style=\"--awb-backgroundcolor:#faf9f8;--awb-body-color:#474747;--awb-title-color:#01485f;--awb-iconcolor:#01485f;--awb-hover-accent-color:#f19a3b;--awb-circle-hover-accent-color:#f19a3b;\" data-animationOffset=\"top-into-view\"><div style=\"--awb-backgroundcolor:#faf9f8;--awb-iconcolor:#01485f;\" class=\"fusion-column content-box-column content-box-column content-box-column-1 col-lg-6 col-md-6 col-sm-6 fusion-content-box-hover content-box-column-first-in-row\"><div class=\"col content-box-wrapper content-wrapper-background link-area-link-icon link-type-button icon-hover-animation-slide\" data-animationOffset=\"top-into-view\"><div class=\"heading heading-with-icon icon-left\"><a class=\"heading-link\" href=\"\/lines-research\/social-commerce\/\" target=\"_self\"><div class=\"icon\"><i style=\"border-color:#01485f;border-width:3px;background-color:#f7f7f7;box-sizing:content-box;height:100px;width:100px;line-height:100px;border-radius:50%;font-size:50px;\" aria-hidden=\"true\" class=\"fontawesome-icon fa-graduation-cap fas circle-yes\"><\/i><\/div><h2 class=\"content-box-heading fusion-responsive-typography-calculated\" style=\"--h2_typography-font-size:26px;--fontSize:26;line-height:1.92;\">Tecnolog\u00edas de la informaci\u00f3n y Marketing<\/h2><\/a><\/div><div class=\"fusion-clearfix\"><\/div><div class=\"content-container\">\n<p>La l\u00ednea parte de estudios previos realizados por los investigadores del Grupo sobre la adopci\u00f3n y aceptaci\u00f3n de estas tecnolog\u00edas, tanto por parte de las empresas como de los consumidores.<\/p>\n<\/div><div class=\"fusion-clearfix\"><\/div><a class=\"fusion-read-more-button fusion-content-box-button fusion-button button-default fusion-button-default-size button- button-flat\" href=\"\/lines-research\/social-commerce\/\" target=\"_self\"><span class=\"fusion-button-text\">M\u00e1s informaci\u00f3n<\/span><\/a><div class=\"fusion-clearfix\"><\/div><\/div><\/div><div style=\"--awb-backgroundcolor:#faf9f8;--awb-iconcolor:#01485f;\" class=\"fusion-column content-box-column content-box-column content-box-column-2 col-lg-6 col-md-6 col-sm-6 fusion-content-box-hover content-box-column-last-in-row\"><div class=\"col content-box-wrapper content-wrapper-background link-area-link-icon link-type-button icon-hover-animation-slide\" data-animationOffset=\"top-into-view\"><div class=\"heading heading-with-icon icon-left\"><a class=\"heading-link\" href=\"\/lines-research\/brand-management\/\" target=\"_self\"><div class=\"icon\"><i style=\"border-color:#01485f;border-width:3px;background-color:#f7f7f7;box-sizing:content-box;height:100px;width:100px;line-height:100px;border-radius:50%;font-size:50px;\" aria-hidden=\"true\" class=\"fontawesome-icon fa-graduation-cap fas circle-yes\"><\/i><\/div><h2 class=\"content-box-heading fusion-responsive-typography-calculated\" style=\"--h2_typography-font-size:26px;--fontSize:26;line-height:1.92;\">Gesti\u00f3n Interna y Externa de la Marca<\/h2><\/a><\/div><div class=\"fusion-clearfix\"><\/div><div class=\"content-container\">\n<p>En la actualidad, las marcas representan uno de los activos intangibles m\u00e1s poderosos para las organizaciones y representan uno de los activos intangibles m\u00e1s poderosos para las organizaciones.<\/p>\n<\/div><div class=\"fusion-clearfix\"><\/div><a class=\"fusion-read-more-button fusion-content-box-button fusion-button button-default fusion-button-default-size button- button-flat\" href=\"\/lines-research\/brand-management\/\" target=\"_self\"><span class=\"fusion-button-text\">M\u00e1s informaci\u00f3n<\/span><\/a><div class=\"fusion-clearfix\"><\/div><\/div><\/div><div style=\"--awb-backgroundcolor:#faf9f8;--awb-iconcolor:#01485f;\" class=\"fusion-column content-box-column content-box-column content-box-column-3 col-lg-6 col-md-6 col-sm-6 fusion-content-box-hover content-box-column-first-in-row content-box-column-last\"><div class=\"col content-box-wrapper content-wrapper-background link-area-link-icon link-type-button icon-hover-animation-slide\" data-animationOffset=\"top-into-view\"><div class=\"heading heading-with-icon icon-left\"><a class=\"heading-link\" href=\"\/lines-research\/customer-value\/\" target=\"_self\"><div class=\"icon\"><i style=\"border-color:#01485f;border-width:3px;background-color:#f7f7f7;box-sizing:content-box;height:100px;width:100px;line-height:100px;border-radius:50%;font-size:50px;\" aria-hidden=\"true\" class=\"fontawesome-icon fa-graduation-cap fas circle-yes\"><\/i><\/div><h2 class=\"content-box-heading fusion-responsive-typography-calculated\" style=\"--h2_typography-font-size:26px;--fontSize:26;line-height:1.92;\">Gesti\u00f3n del Valor del Cliente<\/h2><\/a><\/div><div class=\"fusion-clearfix\"><\/div><div class=\"content-container\">\n<p>El punto de partida de l\u00ednea de investigaci\u00f3n lo constituyen los clientes, considerados el principal activo de toda organizaci\u00f3n empresarial al representar una fuente de valor fundamental.<\/p>\n<\/div><div class=\"fusion-clearfix\"><\/div><a class=\"fusion-read-more-button fusion-content-box-button fusion-button button-default fusion-button-default-size button- button-flat\" href=\"\/lines-research\/customer-value\/\" target=\"_self\"><span class=\"fusion-button-text\">M\u00e1s informaci\u00f3n<\/span><\/a><div class=\"fusion-clearfix\"><\/div><\/div><\/div><div class=\"fusion-clearfix\"><\/div><\/div><div class=\"fusion-clearfix\"><\/div><\/div><\/div><\/div><\/div><div class=\"fusion-fullwidth fullwidth-box fusion-builder-row-4 nonhundred-percent-fullwidth non-hundred-percent-height-scrolling\" style=\"--awb-background-position:left top;--awb-border-sizes-top:0px;--awb-border-sizes-bottom:0px;--awb-border-sizes-left:0px;--awb-border-sizes-right:0px;--awb-border-radius-top-left:0px;--awb-border-radius-top-right:0px;--awb-border-radius-bottom-right:0px;--awb-border-radius-bottom-left:0px;--awb-padding-top:50px;--awb-padding-bottom:45px;--awb-background-color:#01485f;--awb-flex-wrap:wrap;\" ><div class=\"fusion-builder-row fusion-row\"><div class=\"fusion-layout-column fusion_builder_column fusion-builder-column-3 fusion_builder_column_1_1 1_1 fusion-one-full fusion-column-first fusion-column-last fusion-column-no-min-height\" style=\"--awb-bg-size:cover;--awb-margin-top:4%;--awb-margin-bottom:3%;\"><div class=\"fusion-column-wrapper fusion-flex-column-wrapper-legacy\"><div class=\"fusion-text fusion-text-4\"><h3 style=\"text-align: center; font-size: 30px; color: #ffffff;\">Formulario de Contacto<\/h3>\n<\/div><div class=\"fusion-sep-clear\"><\/div><div class=\"fusion-separator fusion-full-width-sep\" style=\"margin-left: auto;margin-right: auto;margin-top:-25px;width:100%;\"><\/div><div class=\"fusion-sep-clear\"><\/div><div class=\"fusion-text fusion-text-5\"><p style=\"text-align: center; font-size: 20px;\">Solic\u00edtanos informaci\u00f3n rellenando todos los campos.<\/p>\n<\/div><div class=\"fusion-sep-clear\"><\/div><div class=\"fusion-separator fusion-full-width-sep\" style=\"margin-left: auto;margin-right: auto;margin-top:15px;width:100%;\"><\/div><div class=\"fusion-sep-clear\"><\/div><div class=\"fusion-text fusion-text-6\"><p style=\"text-align: center;\">\n<div class=\"wpcf7 no-js\" id=\"wpcf7-f86-o2\" lang=\"en-US\" dir=\"ltr\" data-wpcf7-id=\"86\">\n<div class=\"screen-reader-response\"><p role=\"status\" aria-live=\"polite\" aria-atomic=\"true\"><\/p> <ul><\/ul><\/div>\n<form action=\"\/es\/wp-json\/wp\/v2\/pages\/2522#wpcf7-f86-o2\" method=\"post\" class=\"wpcf7-form init\" aria-label=\"Contact form\" novalidate=\"novalidate\" data-status=\"init\">\n<fieldset class=\"hidden-fields-container\"><input type=\"hidden\" name=\"_wpcf7\" value=\"86\" \/><input type=\"hidden\" name=\"_wpcf7_version\" value=\"6.1.5\" \/><input type=\"hidden\" name=\"_wpcf7_locale\" value=\"en_US\" \/><input type=\"hidden\" name=\"_wpcf7_unit_tag\" value=\"wpcf7-f86-o2\" \/><input type=\"hidden\" name=\"_wpcf7_container_post\" value=\"0\" \/><input type=\"hidden\" name=\"_wpcf7_posted_data_hash\" value=\"\" \/><input type=\"hidden\" name=\"_wpcf7_recaptcha_response\" value=\"\" \/>\n<\/fieldset>\n<div style=\"margin-bottom: 40px;\" class=\"fusion-one-third fusion-layout-column fusion-spacing-yes\">\n\t<p><span class=\"wpcf7-form-control-wrap\" data-name=\"nombre\"><input size=\"40\" maxlength=\"400\" class=\"wpcf7-form-control wpcf7-text wpcf7-validates-as-required\" aria-required=\"true\" aria-invalid=\"false\" placeholder=\"Nombre (requerido)\" value=\"\" type=\"text\" name=\"nombre\" \/><\/span>\n\t<\/p>\n<\/div>\n<div style=\"margin-bottom: 40px;\" class=\"fusion-one-third fusion-layout-column fusion-spacing-yes\">\n\t<p><span class=\"wpcf7-form-control-wrap\" data-name=\"email\"><input size=\"40\" maxlength=\"400\" class=\"wpcf7-form-control wpcf7-email wpcf7-validates-as-required wpcf7-text wpcf7-validates-as-email\" aria-required=\"true\" aria-invalid=\"false\" placeholder=\"E-mail (requerido)\" value=\"\" type=\"email\" name=\"email\" \/><\/span>\n\t<\/p>\n<\/div>\n<div style=\"margin-bottom: 40px;\" class=\"fusion-one-third fusion-layout-column fusion-column-last fusion-spacing-yes\">\n\t<p><span class=\"wpcf7-form-control-wrap\" data-name=\"telefono\"><input size=\"40\" maxlength=\"400\" class=\"wpcf7-form-control wpcf7-tel wpcf7-validates-as-required wpcf7-text wpcf7-validates-as-tel\" aria-required=\"true\" aria-invalid=\"false\" placeholder=\"Tel\u00e9fono (requerido)\" value=\"\" type=\"tel\" name=\"telefono\" \/><\/span>\n\t<\/p>\n<\/div>\n<p style=\"margin-bottom: 40px;\"><span class=\"wpcf7-form-control-wrap\" data-name=\"mensaje\"><textarea cols=\"40\" rows=\"10\" maxlength=\"2000\" class=\"wpcf7-form-control wpcf7-textarea\" aria-invalid=\"false\" placeholder=\"Mensaje\" name=\"mensaje\"><\/textarea><\/span>\n<\/p>\n<p class=\"aceptar\"><span class=\"wpcf7-form-control-wrap\" data-name=\"aceptacion\"><span class=\"wpcf7-form-control wpcf7-acceptance\"><span class=\"wpcf7-list-item\"><input type=\"checkbox\" name=\"aceptacion\" value=\"1\" aria-invalid=\"false\" \/><\/span><\/span><\/span> He le\u00eddo la <a target=\"_blank\" href=\"\/privacy\/\">pol\u00edtica de privacidad<\/a> y acepto el tratamiento de mis datos para la contestaci\u00f3n y resoluci\u00f3n de las consultas que realice\n<\/p>\n<p><input class=\"wpcf7-form-control wpcf7-submit has-spinner\" type=\"submit\" value=\"Send\" \/>\n<\/p><div class=\"fusion-alert alert custom alert-custom fusion-alert-center wpcf7-response-output fusion-alert-capitalize awb-alert-native-link-color alert-dismissable awb-alert-close-boxed\" style=\"--awb-border-top-left-radius:0px;--awb-border-top-right-radius:0px;--awb-border-bottom-left-radius:0px;--awb-border-bottom-right-radius:0px;\" role=\"alert\"><div class=\"fusion-alert-content-wrapper\"><span class=\"fusion-alert-content\"><\/span><\/div><button type=\"button\" class=\"close toggle-alert\" data-dismiss=\"alert\" aria-label=\"Close\">&times;<\/button><\/div>\n<\/form>\n<\/div>\n<\/p>\n<\/div><div class=\"fusion-clearfix\"><\/div><\/div><\/div><\/div><\/div><\/p>","protected":false},"excerpt":{"rendered":"","protected":false},"author":1,"featured_media":0,"parent":0,"menu_order":0,"comment_status":"closed","ping_status":"closed","template":"100-width.php","meta":{"footnotes":""},"class_list":["post-2522","page","type-page","status-publish","hentry"],"yoast_head":"<!-- This site is optimized with the Yoast SEO plugin v27.2 - https:\/\/yoast.com\/product\/yoast-seo-wordpress\/ -->\n<title>L\u00edneas de Investigaci\u00f3n - Grupo Gener\u00e9s<\/title>\n<meta name=\"robots\" content=\"index, follow, max-snippet:-1, max-image-preview:large, max-video-preview:-1\" \/>\n<link rel=\"canonical\" href=\"https:\/\/generes.unizar.es\/lines-research\/\" \/>\n<meta property=\"og:locale\" content=\"es_ES\" \/>\n<meta property=\"og:type\" content=\"article\" \/>\n<meta property=\"og:title\" content=\"[:en]Research Areas[:es]L\u00edneas de Investigaci\u00f3n[:] - Grupo Gener\u00e9s\" \/>\n<meta property=\"og:url\" content=\"https:\/\/generes.unizar.es\/lines-research\/\" \/>\n<meta property=\"og:site_name\" content=\"Grupo Gener\u00e9s\" \/>\n<meta property=\"article:modified_time\" content=\"2025-06-20T21:31:43+00:00\" \/>\n<meta name=\"twitter:card\" content=\"summary_large_image\" \/>\n<meta name=\"twitter:label1\" content=\"Tiempo de lectura\" \/>\n\t<meta name=\"twitter:data1\" content=\"1 minuto\" \/>\n<script type=\"application\/ld+json\" class=\"yoast-schema-graph\">{\"@context\":\"https:\/\/schema.org\",\"@graph\":[{\"@type\":\"WebPage\",\"@id\":\"https:\/\/generes.unizar.es\/lines-research\/\",\"url\":\"https:\/\/generes.unizar.es\/lines-research\/\",\"name\":\"[:en]Research Areas[:es]L\u00edneas de Investigaci\u00f3n[:] - Grupo Gener\u00e9s\",\"isPartOf\":{\"@id\":\"https:\/\/generes.unizar.es\/#website\"},\"datePublished\":\"2019-06-18T16:17:20+00:00\",\"dateModified\":\"2025-06-20T21:31:43+00:00\",\"breadcrumb\":{\"@id\":\"https:\/\/generes.unizar.es\/lines-research\/#breadcrumb\"},\"inLanguage\":\"es\",\"potentialAction\":[{\"@type\":\"ReadAction\",\"target\":[\"https:\/\/generes.unizar.es\/lines-research\/\"]}]},{\"@type\":\"BreadcrumbList\",\"@id\":\"https:\/\/generes.unizar.es\/lines-research\/#breadcrumb\",\"itemListElement\":[{\"@type\":\"ListItem\",\"position\":1,\"name\":\"Portada\",\"item\":\"https:\/\/generes.unizar.es\/\"},{\"@type\":\"ListItem\",\"position\":2,\"name\":\"L\u00edneas de Investigaci\u00f3n\"}]},{\"@type\":\"WebSite\",\"@id\":\"https:\/\/generes.unizar.es\/#website\",\"url\":\"https:\/\/generes.unizar.es\/\",\"name\":\"Grupo Gener\u00e9s\",\"description\":\"Universidad de Zaragoza\",\"publisher\":{\"@id\":\"https:\/\/generes.unizar.es\/#organization\"},\"potentialAction\":[{\"@type\":\"SearchAction\",\"target\":{\"@type\":\"EntryPoint\",\"urlTemplate\":\"https:\/\/generes.unizar.es\/?s={search_term_string}\"},\"query-input\":{\"@type\":\"PropertyValueSpecification\",\"valueRequired\":true,\"valueName\":\"search_term_string\"}}],\"inLanguage\":\"es\"},{\"@type\":\"Organization\",\"@id\":\"https:\/\/generes.unizar.es\/#organization\",\"name\":\"Grupo Gener\u00e9s - Universidad de Zaragoza\",\"url\":\"https:\/\/generes.unizar.es\/\",\"logo\":{\"@type\":\"ImageObject\",\"inLanguage\":\"es\",\"@id\":\"https:\/\/generes.unizar.es\/#\/schema\/logo\/image\/\",\"url\":\"http:\/\/generes.unizar.es\/wp-content\/uploads\/2019\/06\/generes_logo.png\",\"contentUrl\":\"http:\/\/generes.unizar.es\/wp-content\/uploads\/2019\/06\/generes_logo.png\",\"width\":206,\"height\":75,\"caption\":\"Grupo Gener\u00e9s - Universidad de Zaragoza\"},\"image\":{\"@id\":\"https:\/\/generes.unizar.es\/#\/schema\/logo\/image\/\"}}]}<\/script>\n<!-- \/ Yoast SEO plugin. -->","yoast_head_json":{"title":"[:en]Research Areas[:es]L\u00edneas de Investigaci\u00f3n[:] - Grupo Gener\u00e9s","robots":{"index":"index","follow":"follow","max-snippet":"max-snippet:-1","max-image-preview":"max-image-preview:large","max-video-preview":"max-video-preview:-1"},"canonical":"https:\/\/generes.unizar.es\/lines-research\/","og_locale":"es_ES","og_type":"article","og_title":"[:en]Research Areas[:es]L\u00edneas de Investigaci\u00f3n[:] - Grupo Gener\u00e9s","og_url":"https:\/\/generes.unizar.es\/lines-research\/","og_site_name":"Grupo Gener\u00e9s","article_modified_time":"2025-06-20T21:31:43+00:00","twitter_card":"summary_large_image","twitter_misc":{"Tiempo de lectura":"1 minuto"},"schema":{"@context":"https:\/\/schema.org","@graph":[{"@type":"WebPage","@id":"https:\/\/generes.unizar.es\/lines-research\/","url":"https:\/\/generes.unizar.es\/lines-research\/","name":"[:en]Research Areas[:es]L\u00edneas de Investigaci\u00f3n[:] - Grupo Gener\u00e9s","isPartOf":{"@id":"https:\/\/generes.unizar.es\/#website"},"datePublished":"2019-06-18T16:17:20+00:00","dateModified":"2025-06-20T21:31:43+00:00","breadcrumb":{"@id":"https:\/\/generes.unizar.es\/lines-research\/#breadcrumb"},"inLanguage":"es","potentialAction":[{"@type":"ReadAction","target":["https:\/\/generes.unizar.es\/lines-research\/"]}]},{"@type":"BreadcrumbList","@id":"https:\/\/generes.unizar.es\/lines-research\/#breadcrumb","itemListElement":[{"@type":"ListItem","position":1,"name":"Portada","item":"https:\/\/generes.unizar.es\/"},{"@type":"ListItem","position":2,"name":"L\u00edneas de Investigaci\u00f3n"}]},{"@type":"WebSite","@id":"https:\/\/generes.unizar.es\/#website","url":"https:\/\/generes.unizar.es\/","name":"Grupo Gener\u00e9s","description":"Universidad de Zaragoza","publisher":{"@id":"https:\/\/generes.unizar.es\/#organization"},"potentialAction":[{"@type":"SearchAction","target":{"@type":"EntryPoint","urlTemplate":"https:\/\/generes.unizar.es\/?s={search_term_string}"},"query-input":{"@type":"PropertyValueSpecification","valueRequired":true,"valueName":"search_term_string"}}],"inLanguage":"es"},{"@type":"Organization","@id":"https:\/\/generes.unizar.es\/#organization","name":"Grupo Gener\u00e9s - Universidad de Zaragoza","url":"https:\/\/generes.unizar.es\/","logo":{"@type":"ImageObject","inLanguage":"es","@id":"https:\/\/generes.unizar.es\/#\/schema\/logo\/image\/","url":"http:\/\/generes.unizar.es\/wp-content\/uploads\/2019\/06\/generes_logo.png","contentUrl":"http:\/\/generes.unizar.es\/wp-content\/uploads\/2019\/06\/generes_logo.png","width":206,"height":75,"caption":"Grupo Gener\u00e9s - Universidad de Zaragoza"},"image":{"@id":"https:\/\/generes.unizar.es\/#\/schema\/logo\/image\/"}}]}},"_links":{"self":[{"href":"https:\/\/generes.unizar.es\/es\/wp-json\/wp\/v2\/pages\/2522","targetHints":{"allow":["GET"]}}],"collection":[{"href":"https:\/\/generes.unizar.es\/es\/wp-json\/wp\/v2\/pages"}],"about":[{"href":"https:\/\/generes.unizar.es\/es\/wp-json\/wp\/v2\/types\/page"}],"author":[{"embeddable":true,"href":"https:\/\/generes.unizar.es\/es\/wp-json\/wp\/v2\/users\/1"}],"replies":[{"embeddable":true,"href":"https:\/\/generes.unizar.es\/es\/wp-json\/wp\/v2\/comments?post=2522"}],"version-history":[{"count":19,"href":"https:\/\/generes.unizar.es\/es\/wp-json\/wp\/v2\/pages\/2522\/revisions"}],"predecessor-version":[{"id":3791,"href":"https:\/\/generes.unizar.es\/es\/wp-json\/wp\/v2\/pages\/2522\/revisions\/3791"}],"wp:attachment":[{"href":"https:\/\/generes.unizar.es\/es\/wp-json\/wp\/v2\/media?parent=2522"}],"curies":[{"name":"wp","href":"https:\/\/api.w.org\/{rel}","templated":true}]}}