{"id":2359,"date":"2019-06-17T18:45:46","date_gmt":"2019-06-17T16:45:46","guid":{"rendered":"http:\/\/generes.unizar.es\/?page_id=2359"},"modified":"2025-06-21T02:06:35","modified_gmt":"2025-06-21T00:06:35","slug":"fraj-andres","status":"publish","type":"page","link":"https:\/\/generes.unizar.es\/es\/members\/fraj-andres\/","title":{"rendered":"Elena Fraj Andr\u00e9s"},"content":{"rendered":"<div class=\"pdfprnt-buttons pdfprnt-buttons-page pdfprnt-top-right\"><a href=\"https:\/\/generes.unizar.es\/es\/wp-json\/wp\/v2\/pages\/2359?print=pdf\" class=\"pdfprnt-button pdfprnt-button-pdf\" target=\"_blank\" ><img decoding=\"async\" src=\"https:\/\/generes.unizar.es\/wp-content\/plugins\/pdf-print\/images\/pdf.png\" alt=\"image_pdf\" title=\"Descargar PDF\" \/><\/a><a href=\"https:\/\/generes.unizar.es\/es\/wp-json\/wp\/v2\/pages\/2359?print=print\" class=\"pdfprnt-button pdfprnt-button-print\" target=\"_blank\" ><img decoding=\"async\" src=\"https:\/\/generes.unizar.es\/wp-content\/plugins\/pdf-print\/images\/print.png\" alt=\"image_print\" title=\"Imprimir contenido\" \/><\/a><\/div><p><div class=\"fusion-fullwidth fullwidth-box fusion-builder-row-2 nonhundred-percent-fullwidth non-hundred-percent-height-scrolling\" style=\"--awb-border-radius-top-left:0px;--awb-border-radius-top-right:0px;--awb-border-radius-bottom-right:0px;--awb-border-radius-bottom-left:0px;--awb-flex-wrap:wrap;\" ><div class=\"fusion-builder-row fusion-row\"><div class=\"fusion-layout-column fusion_builder_column fusion-builder-column-2 fusion_builder_column_5_6 5_6 fusion-five-sixth fusion-column-first\" style=\"--awb-bg-size:cover;width:83.333333333333%;width:calc(83.333333333333% - ( ( 4% ) * 0.83333333333333 ) );margin-right: 4%;\"><div class=\"fusion-column-wrapper fusion-flex-column-wrapper-legacy\"><div class=\"fusion-sep-clear\"><\/div><div class=\"fusion-separator fusion-full-width-sep\" style=\"margin-left: auto;margin-right: auto;margin-top:20px;margin-bottom:20px;width:100%;\"><\/div><div class=\"fusion-sep-clear\"><\/div><div class=\"fusion-tabs fusion-tabs-2 classic nav-is-justified horizontal-tabs icon-position-left mobile-mode-accordion\" style=\"--awb-title-border-radius-top-left:0px;--awb-title-border-radius-top-right:0px;--awb-title-border-radius-bottom-right:0px;--awb-title-border-radius-bottom-left:0px;--awb-alignment:start;--awb-inactive-color:#faf9f8;--awb-background-color:#ffffff;--awb-border-color:#ede8e8;--awb-active-border-color:#f09a3e;\"><div class=\"nav\"><ul class=\"nav-tabs nav-justified\" role=\"tablist\"><li class=\"active\" role=\"presentation\"><a class=\"tab-link\" data-toggle=\"tab\" role=\"tab\" aria-controls=\"tab-47657d81404faffc0e6\" aria-selected=\"true\" id=\"fusion-tab-contacto\" href=\"#tab-47657d81404faffc0e6\"><h4 class=\"fusion-tab-heading\">CONTACTO<\/h4><\/a><\/li><li role=\"presentation\"><a class=\"tab-link\" data-toggle=\"tab\" role=\"tab\" aria-controls=\"tab-f9a7b6243242537d3ee\" aria-selected=\"false\" tabindex=\"-1\" id=\"fusion-tab-investigaci\u00d3n\" href=\"#tab-f9a7b6243242537d3ee\"><h4 class=\"fusion-tab-heading\">INVESTIGACI\u00d3N<\/h4><\/a><\/li><li role=\"presentation\"><a class=\"tab-link\" data-toggle=\"tab\" role=\"tab\" aria-controls=\"tab-116e86c8c31d8fb2a9b\" aria-selected=\"false\" tabindex=\"-1\" id=\"fusion-tab-docencia\" href=\"#tab-116e86c8c31d8fb2a9b\"><h4 class=\"fusion-tab-heading\">DOCENCIA<\/h4><\/a><\/li><\/ul><\/div><div class=\"tab-content\"><div class=\"nav fusion-mobile-tab-nav\"><ul class=\"nav-tabs nav-justified\" role=\"tablist\"><li class=\"active\" role=\"presentation\"><a class=\"tab-link\" data-toggle=\"tab\" role=\"tab\" aria-controls=\"tab-47657d81404faffc0e6\" aria-selected=\"true\" id=\"mobile-fusion-tab-contacto\" href=\"#tab-47657d81404faffc0e6\"><h4 class=\"fusion-tab-heading\">CONTACTO<\/h4><\/a><\/li><\/ul><\/div><div class=\"tab-pane fade fusion-clearfix in active\" role=\"tabpanel\" tabindex=\"0\" aria-labelledby=\"fusion-tab-contacto\" id=\"tab-47657d81404faffc0e6\">\n<p class=\"tabcv\">CONTACTO<\/p>\n<p><img decoding=\"async\" class=\"alignleft size-full wp-image-2194\" src=\"\/wp-content\/uploads\/2025\/02\/elena-fraj.jpg\" alt=\"\" width=\"170\" height=\"214\" \/><strong>Elena Fraj-Andr\u00e9s es Doctora por la Universidad de Zaragoza y Profesora Titular de Universidad en el \u00e1rea de Comercializaci\u00f3n e Investigaci\u00f3n de Mercados.<\/strong><\/p>\n<p>Su investigaci\u00f3n se centra en el \u00e1mbito del comportamiento del consumidor ecol\u00f3gico, la estrategia de marketing medioambiental en la empresa y la responsabilidad social del marketing en la educaci\u00f3n.<\/p>\n<p>Los resultados de sus investigaciones se han presentado en importantes foros de discusi\u00f3n del \u00e1rea de marketing y publicado en revistas nacionales e internacionales como Journal of Consumer Marketing, International Journal of Consumer Marketing, Journal of Business Ethics, Business Strategy and the Environment, Journal of Business and Industrial Marketing; Journal of Travel and Tourism Marketing; Tourism Management; Computers &#038; Education y The International Journal of Management Education, entre otras.<\/p>\n<p><strong>Direcci\u00f3n:<\/strong> Facultad de Econom\u00eda y Empresa (Campus Para\u00edso), C\/ Gran V\u00eda 2, 50005 Zaragoza.<br \/>\n<strong>Tel\u00e9fono Externo:<\/strong> 876 554 732 (Extensi\u00f3n interna: 84 4732)<br \/>\n<strong>E-mail:<\/strong> efraj@unizar.es<\/p>\n<\/div><div class=\"nav fusion-mobile-tab-nav\"><ul class=\"nav-tabs nav-justified\" role=\"tablist\"><li role=\"presentation\"><a class=\"tab-link\" data-toggle=\"tab\" role=\"tab\" aria-controls=\"tab-f9a7b6243242537d3ee\" aria-selected=\"false\" tabindex=\"-1\" id=\"mobile-fusion-tab-investigaci\u00d3n\" href=\"#tab-f9a7b6243242537d3ee\"><h4 class=\"fusion-tab-heading\">INVESTIGACI\u00d3N<\/h4><\/a><\/li><\/ul><\/div><div class=\"tab-pane fade fusion-clearfix\" role=\"tabpanel\" tabindex=\"0\" aria-labelledby=\"fusion-tab-investigaci\u00d3n\" id=\"tab-f9a7b6243242537d3ee\">\n<p class=\"tabcv\">INVESTIGACI\u00d3N<\/p>\n<p><strong>Publicaciones m\u00e1s relevantes:<\/strong><\/p>\n<p><strong>Fraj-Andr\u00e9s, E.<\/strong>; Herrando, C.; Lucia-Palacios, L. y P\u00e9rez-L\u00f3pez, R. (2025). When lack of food waste concern curbs youths&#8217; intention to reduce it: the role of nudging as a solution. \u00a0<strong><em>Journal of Social Marketing<\/em><\/strong>, Vol. 15 (2\/3), pp. 154-174,\u00a0<a href=\"https:\/\/doi.org\/10.1108\/JSOCM-02-2024-0039\">https:\/\/doi.org\/10.1108\/JSOCM-02-2024-0039<\/a>.<\/p>\n<p><strong>Fraj-Andr\u00e9s, E<\/strong>; Herrando, C.; Lucia, L. y P\u00e9rez, R. (2023). \u201cIntention versus behaviour: Integration of theories to help curb food waste among young Spanish consumers\u201d, <strong><em>British Food Journal<\/em><\/strong>, Vol. 125 (2), pp. 250-286. <a href=\"https:\/\/doi.org\/10.1108\/BFJ-09-2021-1042\">https:\/\/doi.org\/10.1108\/BFJ-09-2021-1042<\/a>.<\/p>\n<p><strong>Fraj-Andr\u00e9s, E.<\/strong>, Herrando, C.; Lucia, L. y P\u00e9rez, R. (2023). \u201cInformative initiatives as a useful tool to raise awareness of food waste. An application to higher education\u201d, <strong><em>International Journal of Sustainability in Higher Education<\/em><\/strong>, Vol. 24 (4), 840-858. <a href=\"https:\/\/doi.org\/10.1108\/ijshe-03-2022-0103\">https:\/\/doi.org\/10.1108\/ijshe-03-2022-0103<\/a>.<\/p>\n<p>Ribeiro-Alves, R., Gon\u00e7alves-Jacovine, L. A., Brandi-Nardelli, A. M., Lopes-Da Silva, M., y <strong>Fraj-Andr\u00e9s, E. (2023). <\/strong><em>Consumo Verde: Comportamento do consumidor respons\u00e1vel<\/em>, 2\u00aa Ed., Editorial: Da Universidade Federal de Vi\u00e7osa (UFV), ISBN: 9786559250677, Brasil.<\/p>\n<p><strong>Fraj-Andr\u00e9s, E,<\/strong> Herrando, C.; Lucia, L. y P\u00e9rez, R. (2022). \u201cStudents Apprehension and Affective Inertia in a Twitter-Based Activity: Evidence form students of an Economics Degree\u201d, <strong><em>The International Journal of Management Education<\/em><\/strong>, Vol. 20 (3), 100683, https:\/\/doi.org\/10.1016\/j.ijme.2022.100683.<\/p>\n<p><strong>Fraj-Andr\u00e9s, E.,<\/strong> Lucia, L. y P\u00e9rez, R. (2020). \u201cReducing Resistance to Repeating a Wiki Activity: What Can Teachers Do?\u201d, <strong><em>British Journal of Educational Technology<\/em><\/strong>, Vol. 56 (6), pp. 2286-2305. <a href=\"https:\/\/doi.org\/10.1111\/bjet.12903\">https:\/\/doi.org\/10.1111\/bjet.12903<\/a>.<\/p>\n<p>Alves, R. R., <strong>Fraj-Andr\u00e9s, E.,<\/strong> Rojo-Alboreca, A. y Gracioli, C. R. (2019): \u201cImplementation of Forest Certification in Brazil, Spain and Portugal: An Analytic Hierarchy Process (AHP) Application\u201d, <strong><em>International Forestry Review<\/em><\/strong>, Vol. 12, No. 1, 11-22. <a href=\"https:\/\/doi.org\/10.1505\/146554819825863726\">https:\/\/doi.org\/10.1505\/146554819825863726<\/a>.<\/p>\n<p><strong>Fraj-Andr\u00e9s, E.<\/strong>, Lucia, L. y P\u00e9rez, R. (2018),\u00a0<a href=\"https:\/\/www.sciencedirect.com\/science\/article\/pii\/S0360131517302634\">\u201cHow extroversion affects student attitude toward the combined use of a wiki and video recording of group presentations\u201d<\/a>,\u00a0<strong><em>Computers &#038; Education\u00a0<\/em>,<\/strong>Vol. 119, 31-43. <a href=\"https:\/\/doi.org\/10.1016\/j.compedu.2017.12.006\">https:\/\/doi.org\/10.1016\/j.compedu.2017.12.006<\/a>.<\/p>\n<p>Or\u00fas, C., Barl\u00e9s, M. J., Belanche, D., <strong>Fraj-Andr\u00e9s, E.<\/strong> y Gurrea, R. (2016),\u00a0<a href=\"https:\/\/www.sciencedirect.com\/science\/article\/pii\/S0360131516300070\">\u201cThe effects of learner-generated videos for YouTube on learning outcomes and satisfaction\u201d<\/a>,\u00a0<strong><em>Computers &#038; Education\u00a0<\/em><\/strong>, Vol. 95, 254-269. <a href=\"https:\/\/doi.org\/10.1016\/j.compedu.2016.01.007\">https:\/\/doi.org\/10.1016\/j.compedu.2016.01.007<\/a>.<\/p>\n<p><strong>Fraj-Andr\u00e9s, E.<\/strong>, Matute, J. y Melero, I. (2015)<a href=\"http:\/\/www.sciencedirect.com\/science\/article\/pii\/S0261517714001034\">\u00a0\u201cEnvironmental strategies and organizational competitiveness in the hotel industry: The role of learning and innovation as determinants of environmental success\u201d<\/a>,\u00a0<strong><em>Tourism Management<\/em><\/strong>, Vol.46, 30-42. <a href=\"https:\/\/10.1016\/j.tourman.2014.05.009\">https:\/\/10.1016\/j.tourman.2014.05.009<\/a>.<\/p>\n<p><strong>Fraj-Andr\u00e9s, E.<\/strong>, Melero, I. y Matute, J. (2013)\u00a0<a href=\"http:\/\/www.sciencedirect.com\/science\/article\/pii\/S1138575812000813\">\u201cEl aprendizaje y la innovaci\u00f3n como determinantes del desarrollo de una capacidad de gesti\u00f3n medioambiental proactiva\u201d<\/a>.\u00a0<strong><em>Cuadernos de Econom\u00eda y Direcci\u00f3n de Empresas<\/em><\/strong>, Vol.16(3), 180-194. <a href=\"https:\/\/doi.org\/10.1016\/j.cede.2012.10.001\">https:\/\/doi.org\/10.1016\/j.cede.2012.10.001<\/a>.<\/p>\n<p><strong>Fraj-Andr\u00e9s, E.<\/strong>, Mart\u00ednez, E., y Matute, J. (2013)\u00a0<a href=\"http:\/\/www.emeraldinsight.com\/journals.htm?articleid=17090974\">\u201cGreen marketing in B2B organizations: An empirical analysis from the natural-resource-based view of the firm\u201d<\/a>,\u00a0<strong><em>Journal of Business and Industrial Marketing<\/em><\/strong>, Vol.28(5), 396-410. <a href=\"http:\/\/dx.doi.org\/10.1108\/08858621311330245\">http:\/\/dx.doi.org\/10.1108\/08858621311330245<\/a>.<\/p>\n<p>Barl\u00e9s, M.J., <strong>Fraj-Andr\u00e9s, E.<\/strong> y Mart\u00ednez, E. (2013)\u00a0<a href=\"http:\/\/ijbssnet.com\/journals\/Vol_4_No_6_June_2013\/5.pdf\">\u201cPurchase decision-making in the couple. Conflict-Solving Tactics\u201d<\/a>,\u00a0<strong><em>International Journal of Business and Social Science<\/em><\/strong>, Vol. 4(6), 28-43. <a href=\"http:\/\/ijbssnet.com\/view.php?u=https:\/\/ijbssnet.com\/journals\/Vol_4_No_6_June_2013\/5.pdf\">http:\/\/ijbssnet.com\/view.php?u=https:\/\/ijbssnet.com\/journals\/Vol_4_No_6_June_2013\/5.pdf<\/a>.<\/p>\n<p>Barl\u00e9s, M.J., <strong>Fraj-Andr\u00e9s, E. <\/strong>y Mart\u00ednez, E. (2013) \u201c<a href=\"http:\/\/www.tandfonline.com\/doi\/abs\/10.1080\/10548408.2013.835681#.UwIKwfuLGFA\">Family vacation decision making: The role of woman<\/a>\u201c,\u00a0<strong><em>Journal of Travel &#038; Tourism Marketing<\/em><\/strong>, Vol.30, 873-890. <a href=\"https:\/\/doi.org\/10.1080\/10548408.2013.835681\">https:\/\/doi.org\/10.1080\/10548408.2013.835681<\/a>.<\/p>\n<p><strong>Fraj-Andr\u00e9s, E.<\/strong>, Matute, J. y Rueda, A. (2012) \u201cHacia un modelo integrador de los antecedentes y consecuencias de la proactividad medioambiental en las organizaciones<strong><em>\u201d, INNOVAR, Journal of Administrative and Social Sciences<\/em><\/strong>, Vol. 22 (3), 179-195. <a href=\"http:\/\/www.redalyc.org\/pdf\/818\/81824123015.pdf\">http:\/\/www.redalyc.org\/pdf\/818\/81824123015.pdf<\/a>.<\/p>\n<p><strong>Fraj-Andr\u00e9s, E.<\/strong>, L\u00f3pez, M.E., Melero, I. y V\u00e1zquez, R. (2012) \u201cCompany Image and Corporate Social Responsibility: Talking with SME Managers\u201d, <strong><em>Marketing Intelligence and Planning<\/em><\/strong>, Vol.30 (2), 266-280. <a href=\"https:\/\/doi.org\/10.1108\/02634501211212019\">https:\/\/doi.org\/10.1108\/02634501211212019<\/a>.<\/p>\n<p><strong>Fraj-Andr\u00e9s, E.<\/strong>, Mart\u00ednez, E. y Matute, J. (2011) \u201cGreen marketing strategy and the firm\u00b4s performance: the moderating role of environmental culture\u201d, <strong><em>Journal of Strategic Marketing<\/em><\/strong>, Vol.19 (4), 335-351. <a href=\"https:\/\/doi.org\/10.1080\/0965254X.2011.581382\">https:\/\/doi.org\/10.1080\/0965254X.2011.581382<\/a>.<\/p>\n<p><strong>Fraj-Andr\u00e9s, E.<\/strong>, Mart\u00ednez E., y Matute, J. (2011) \u201cMarketing y medio ambiente: una aproximaci\u00f3n a la situaci\u00f3n de la industria espa\u00f1ola\u201d. <strong><em>Universia Business Review<\/em><\/strong>, Vol.31, 156-183. <a href=\"https:\/\/www.redalyc.org\/articulo.oa?id=433\/43320831007\">https:\/\/www.redalyc.org\/articulo.oa?id=433\/43320831007<\/a>.<\/p>\n<p><strong>Fraj-Andr\u00e9s, E.<\/strong>, Mart\u00ednez, E. y Matute, J. (2009) \u201cA multidimensional approach to the influence of environmental marketing and orientation on the firm\u2019s organizational performance\u201d, <strong><em>Journal of Business Ethics<\/em><\/strong>, Vol. 88 (2), 263-286. <a href=\"https:\/\/doi.org\/10.1007\/s10551-008-9962-2\">https:\/\/doi.org\/10.1007\/s10551-008-9962-2<\/a>.<\/p>\n<p><strong>Fraj-Andr\u00e9s, E.<\/strong>, Mart\u00ednez, E. y Matute, J. (2009) \u201cFactors Affecting corporate environmental strategy in Spanish industrial firms\u201d, <strong><em>Business Strategy and the environment<\/em><\/strong>, Vol. 18, 500-514. <a href=\"https:\/\/doi.org\/10.1002\/bse.611\">https:\/\/doi.org\/10.1002\/bse.611<\/a>.<\/p>\n<p>Buil, I.; <strong>Fraj-Andr\u00e9s, E.<\/strong> y Matute, J. (2008). \u201cCorporate Environmentalism Strategy in the Spanish Consumer Product Sector: A Typology of firms\u201d. <strong><em>Business Strategy and the Environment<\/em><\/strong>, Vol. 17, pp. 350-368 <a href=\"https:\/\/doi.org\/10.1002\/bse.552\">https:\/\/doi.org\/10.1002\/bse.552<\/a>.<\/p>\n<\/div><div class=\"nav fusion-mobile-tab-nav\"><ul class=\"nav-tabs nav-justified\" role=\"tablist\"><li role=\"presentation\"><a class=\"tab-link\" data-toggle=\"tab\" role=\"tab\" aria-controls=\"tab-116e86c8c31d8fb2a9b\" aria-selected=\"false\" tabindex=\"-1\" id=\"mobile-fusion-tab-docencia\" href=\"#tab-116e86c8c31d8fb2a9b\"><h4 class=\"fusion-tab-heading\">DOCENCIA<\/h4><\/a><\/li><\/ul><\/div><div class=\"tab-pane fade fusion-clearfix\" role=\"tabpanel\" tabindex=\"0\" aria-labelledby=\"fusion-tab-docencia\" id=\"tab-116e86c8c31d8fb2a9b\">\n<p class=\"tabcv\">DOCENCIA<\/p>\n<p><strong>Asignaturas de Grado:<\/strong><\/p>\n<p><strong>Grado de Administraci\u00f3n y Direcci\u00f3n de Empresas:<\/strong><\/p>\n<ul>\n<li><a href=\"https:\/\/estudios.unizar.es\/estudio\/asignatura?anyo_academico=2024&#038;asignatura_id=27303&#038;estudio_id=20240131&#038;centro_id=109&#038;plan_id_nk=448\">Introducci\u00f3n al Marketing<\/a><\/li>\n<\/ul>\n<p><strong>Grado de Econom\u00eda:<\/strong><\/p>\n<ul>\n<li><a href=\"https:\/\/estudios.unizar.es\/estudio\/asignatura?anyo_academico=2024&#038;asignatura_id=27409&#038;estudio_id=20240133&#038;centro_id=109&#038;plan_id_nk=417\" target=\"_blank\" rel=\"noopener noreferrer\">Fundamentos de Marketing<\/a><\/li>\n<\/ul>\n<p><strong>Grado de Marketing e Investigaci\u00f3n de Mercados:<\/strong><\/p>\n<ul>\n<li><a href=\"https:\/\/estudios.unizar.es\/estudio\/asignatura?anyo_academico=2024&#038;asignatura_id=27638&#038;estudio_id=20240137&#038;centro_id=109&#038;plan_id_nk=450\" target=\"_blank\" rel=\"noopener noreferrer\">Marketing y Responsabilidad Social Corporativa (RSC)<\/a><\/li>\n<\/ul>\n<p><strong>Asignaturas de Postgrado:<\/strong><\/p>\n<p><strong>M\u00e1ster Universitario en Direcci\u00f3n, Estrategia y Marketing<\/strong><\/p>\n<ul>\n<li><a href=\"https:\/\/estudios.unizar.es\/estudio\/asignatura?anyo_academico=2024&#038;asignatura_id=61758&#038;estudio_id=20240697&#038;centro_id=109&#038;plan_id_nk=555\" target=\"_blank\" rel=\"noopener noreferrer\">Marketing Medioambiental<\/a><\/li>\n<\/ul>\n<\/div><\/div><\/div><div class=\"fusion-clearfix\"><\/div><\/div><\/div><div class=\"fusion-layout-column fusion_builder_column fusion-builder-column-3 fusion_builder_column_1_6 1_6 fusion-one-sixth fusion-column-last\" style=\"--awb-bg-size:cover;width:16.666666666667%;width:calc(16.666666666667% - ( ( 4% ) * 0.16666666666667 ) );\"><div class=\"fusion-column-wrapper fusion-flex-column-wrapper-legacy\"><div class=\"fusion-sep-clear\"><\/div><div class=\"fusion-separator fusion-has-icon fusion-full-width-sep\" style=\"margin-left: auto;margin-right: auto;margin-top:20px;margin-bottom:20px;width:100%;\"><\/div><div class=\"fusion-sep-clear\"><\/div><div class=\"fusion-align-block\"><a class=\"fusion-button button-flat fusion-button-default-size button-custom fusion-button-default button-2 fusion-button-default-span fusion-button-default-type\" style=\"--button_accent_color:#ffffff;--button_accent_hover_color:#ffffff;--button_border_hover_color:#ffffff;--button_gradient_top_color:#01485f;--button_gradient_bottom_color:#01485f;--button_gradient_top_color_hover:#f09a3e;--button_gradient_bottom_color_hover:#f09a3e;width:calc(100%);\" target=\"_blank\" rel=\"noopener noreferrer\" href=\"?print=print\"><span class=\"fusion-button-icon-divider button-icon-divider-left\"><i class=\"fa-download fas awb-button__icon awb-button__icon--default\" aria-hidden=\"true\"><\/i><\/span><span class=\"fusion-button-text awb-button__text awb-button__text--default fusion-button-text-left\">Imprimir Curriculum<\/span><\/a><\/div><div class=\"fusion-clearfix\"><\/div><\/div><\/div><\/div><\/div><\/p>","protected":false},"excerpt":{"rendered":"","protected":false},"author":16,"featured_media":0,"parent":2096,"menu_order":0,"comment_status":"closed","ping_status":"closed","template":"100-width.php","meta":{"footnotes":""},"class_list":["post-2359","page","type-page","status-publish","hentry"],"yoast_head":"<!-- This site is optimized with the Yoast SEO plugin v27.2 - https:\/\/yoast.com\/product\/yoast-seo-wordpress\/ -->\n<title>Elena Fraj Andr\u00e9s - Grupo Gener\u00e9s<\/title>\n<meta name=\"robots\" content=\"index, follow, max-snippet:-1, max-image-preview:large, max-video-preview:-1\" \/>\n<link rel=\"canonical\" href=\"https:\/\/generes.unizar.es\/members\/fraj-andres\/\" \/>\n<meta property=\"og:locale\" content=\"es_ES\" \/>\n<meta property=\"og:type\" content=\"article\" \/>\n<meta property=\"og:title\" content=\"Elena Fraj Andr\u00e9s - Grupo Gener\u00e9s\" \/>\n<meta property=\"og:url\" content=\"https:\/\/generes.unizar.es\/members\/fraj-andres\/\" \/>\n<meta property=\"og:site_name\" content=\"Grupo Gener\u00e9s\" \/>\n<meta property=\"article:modified_time\" content=\"2025-06-21T00:06:35+00:00\" \/>\n<meta name=\"twitter:card\" content=\"summary_large_image\" \/>\n<meta name=\"twitter:label1\" content=\"Tiempo de lectura\" \/>\n\t<meta name=\"twitter:data1\" content=\"5 minutos\" \/>\n<script type=\"application\/ld+json\" class=\"yoast-schema-graph\">{\"@context\":\"https:\/\/schema.org\",\"@graph\":[{\"@type\":\"WebPage\",\"@id\":\"https:\/\/generes.unizar.es\/members\/fraj-andres\/\",\"url\":\"https:\/\/generes.unizar.es\/members\/fraj-andres\/\",\"name\":\"Elena Fraj Andr\u00e9s - Grupo Gener\u00e9s\",\"isPartOf\":{\"@id\":\"https:\/\/generes.unizar.es\/#website\"},\"datePublished\":\"2019-06-17T16:45:46+00:00\",\"dateModified\":\"2025-06-21T00:06:35+00:00\",\"breadcrumb\":{\"@id\":\"https:\/\/generes.unizar.es\/members\/fraj-andres\/#breadcrumb\"},\"inLanguage\":\"es\",\"potentialAction\":[{\"@type\":\"ReadAction\",\"target\":[\"https:\/\/generes.unizar.es\/members\/fraj-andres\/\"]}]},{\"@type\":\"BreadcrumbList\",\"@id\":\"https:\/\/generes.unizar.es\/members\/fraj-andres\/#breadcrumb\",\"itemListElement\":[{\"@type\":\"ListItem\",\"position\":1,\"name\":\"Portada\",\"item\":\"https:\/\/generes.unizar.es\/\"},{\"@type\":\"ListItem\",\"position\":2,\"name\":\"Members\",\"item\":\"https:\/\/generes.unizar.es\/members\/\"},{\"@type\":\"ListItem\",\"position\":3,\"name\":\"Elena Fraj Andr\u00e9s\"}]},{\"@type\":\"WebSite\",\"@id\":\"https:\/\/generes.unizar.es\/#website\",\"url\":\"https:\/\/generes.unizar.es\/\",\"name\":\"Grupo Gener\u00e9s\",\"description\":\"Universidad de Zaragoza\",\"publisher\":{\"@id\":\"https:\/\/generes.unizar.es\/#organization\"},\"potentialAction\":[{\"@type\":\"SearchAction\",\"target\":{\"@type\":\"EntryPoint\",\"urlTemplate\":\"https:\/\/generes.unizar.es\/?s={search_term_string}\"},\"query-input\":{\"@type\":\"PropertyValueSpecification\",\"valueRequired\":true,\"valueName\":\"search_term_string\"}}],\"inLanguage\":\"es\"},{\"@type\":\"Organization\",\"@id\":\"https:\/\/generes.unizar.es\/#organization\",\"name\":\"Grupo Gener\u00e9s - Universidad de Zaragoza\",\"url\":\"https:\/\/generes.unizar.es\/\",\"logo\":{\"@type\":\"ImageObject\",\"inLanguage\":\"es\",\"@id\":\"https:\/\/generes.unizar.es\/#\/schema\/logo\/image\/\",\"url\":\"http:\/\/generes.unizar.es\/wp-content\/uploads\/2019\/06\/generes_logo.png\",\"contentUrl\":\"http:\/\/generes.unizar.es\/wp-content\/uploads\/2019\/06\/generes_logo.png\",\"width\":206,\"height\":75,\"caption\":\"Grupo Gener\u00e9s - Universidad de Zaragoza\"},\"image\":{\"@id\":\"https:\/\/generes.unizar.es\/#\/schema\/logo\/image\/\"}}]}<\/script>\n<!-- \/ Yoast SEO plugin. -->","yoast_head_json":{"title":"Elena Fraj Andr\u00e9s - Grupo Gener\u00e9s","robots":{"index":"index","follow":"follow","max-snippet":"max-snippet:-1","max-image-preview":"max-image-preview:large","max-video-preview":"max-video-preview:-1"},"canonical":"https:\/\/generes.unizar.es\/members\/fraj-andres\/","og_locale":"es_ES","og_type":"article","og_title":"Elena Fraj Andr\u00e9s - Grupo Gener\u00e9s","og_url":"https:\/\/generes.unizar.es\/members\/fraj-andres\/","og_site_name":"Grupo Gener\u00e9s","article_modified_time":"2025-06-21T00:06:35+00:00","twitter_card":"summary_large_image","twitter_misc":{"Tiempo de lectura":"5 minutos"},"schema":{"@context":"https:\/\/schema.org","@graph":[{"@type":"WebPage","@id":"https:\/\/generes.unizar.es\/members\/fraj-andres\/","url":"https:\/\/generes.unizar.es\/members\/fraj-andres\/","name":"Elena Fraj Andr\u00e9s - Grupo Gener\u00e9s","isPartOf":{"@id":"https:\/\/generes.unizar.es\/#website"},"datePublished":"2019-06-17T16:45:46+00:00","dateModified":"2025-06-21T00:06:35+00:00","breadcrumb":{"@id":"https:\/\/generes.unizar.es\/members\/fraj-andres\/#breadcrumb"},"inLanguage":"es","potentialAction":[{"@type":"ReadAction","target":["https:\/\/generes.unizar.es\/members\/fraj-andres\/"]}]},{"@type":"BreadcrumbList","@id":"https:\/\/generes.unizar.es\/members\/fraj-andres\/#breadcrumb","itemListElement":[{"@type":"ListItem","position":1,"name":"Portada","item":"https:\/\/generes.unizar.es\/"},{"@type":"ListItem","position":2,"name":"Members","item":"https:\/\/generes.unizar.es\/members\/"},{"@type":"ListItem","position":3,"name":"Elena Fraj Andr\u00e9s"}]},{"@type":"WebSite","@id":"https:\/\/generes.unizar.es\/#website","url":"https:\/\/generes.unizar.es\/","name":"Grupo Gener\u00e9s","description":"Universidad de Zaragoza","publisher":{"@id":"https:\/\/generes.unizar.es\/#organization"},"potentialAction":[{"@type":"SearchAction","target":{"@type":"EntryPoint","urlTemplate":"https:\/\/generes.unizar.es\/?s={search_term_string}"},"query-input":{"@type":"PropertyValueSpecification","valueRequired":true,"valueName":"search_term_string"}}],"inLanguage":"es"},{"@type":"Organization","@id":"https:\/\/generes.unizar.es\/#organization","name":"Grupo Gener\u00e9s - Universidad de Zaragoza","url":"https:\/\/generes.unizar.es\/","logo":{"@type":"ImageObject","inLanguage":"es","@id":"https:\/\/generes.unizar.es\/#\/schema\/logo\/image\/","url":"http:\/\/generes.unizar.es\/wp-content\/uploads\/2019\/06\/generes_logo.png","contentUrl":"http:\/\/generes.unizar.es\/wp-content\/uploads\/2019\/06\/generes_logo.png","width":206,"height":75,"caption":"Grupo Gener\u00e9s - Universidad de Zaragoza"},"image":{"@id":"https:\/\/generes.unizar.es\/#\/schema\/logo\/image\/"}}]}},"_links":{"self":[{"href":"https:\/\/generes.unizar.es\/es\/wp-json\/wp\/v2\/pages\/2359","targetHints":{"allow":["GET"]}}],"collection":[{"href":"https:\/\/generes.unizar.es\/es\/wp-json\/wp\/v2\/pages"}],"about":[{"href":"https:\/\/generes.unizar.es\/es\/wp-json\/wp\/v2\/types\/page"}],"author":[{"embeddable":true,"href":"https:\/\/generes.unizar.es\/es\/wp-json\/wp\/v2\/users\/16"}],"replies":[{"embeddable":true,"href":"https:\/\/generes.unizar.es\/es\/wp-json\/wp\/v2\/comments?post=2359"}],"version-history":[{"count":15,"href":"https:\/\/generes.unizar.es\/es\/wp-json\/wp\/v2\/pages\/2359\/revisions"}],"predecessor-version":[{"id":3836,"href":"https:\/\/generes.unizar.es\/es\/wp-json\/wp\/v2\/pages\/2359\/revisions\/3836"}],"up":[{"embeddable":true,"href":"https:\/\/generes.unizar.es\/es\/wp-json\/wp\/v2\/pages\/2096"}],"wp:attachment":[{"href":"https:\/\/generes.unizar.es\/es\/wp-json\/wp\/v2\/media?parent=2359"}],"curies":[{"name":"wp","href":"https:\/\/api.w.org\/{rel}","templated":true}]}}